{"id":429,"date":"2018-06-30T08:43:52","date_gmt":"2018-06-30T08:43:52","guid":{"rendered":"https:\/\/www.rectoriaclariana.com\/que-hacer\/"},"modified":"2024-01-18T18:48:06","modified_gmt":"2024-01-18T18:48:06","slug":"que-hacer","status":"publish","type":"page","link":"https:\/\/www.rectoriaclariana.com\/es\/que-hacer\/","title":{"rendered":"Qu\u00e9 hacer"},"content":{"rendered":"<p>[et_pb_section fb_built=\u00bb1&#8243; fullwidth=\u00bbon\u00bb _builder_version=\u00bb3.8&#8243;][et_pb_fullwidth_slider admin_label=\u00bbCap\u00e7alera\u00bb _builder_version=\u00bb3.8&#8243;][et_pb_slide heading=\u00bbcasa en Clariana, l\u2019Anoia\u00bb use_bg_overlay=\u00bboff\u00bb use_text_overlay=\u00bbon\u00bb text_overlay_color=\u00bb#000000&#8243; admin_title=\u00bbFoto i text\u00bb _builder_version=\u00bb3.8&#8243; header_level=\u00bbh1&#8243; header_font_size=\u00bb21&#8243; header_font_size_tablet=\u00bb16&#8243; header_font_size_phone=\u00bb16&#8243; header_line_height=\u00bb2.5em\u00bb header_line_height_tablet=\u00bb2.5em\u00bb header_line_height_phone=\u00bb2.5em\u00bb background_image=\u00bbhttps:\/\/www.rectoriaclariana.com\/wp-content\/uploads\/2018\/06\/capc\u0327alera-quefer.jpg\u00bb button_on_hover=\u00bbon\u00bb][\/et_pb_slide][\/et_pb_fullwidth_slider][\/et_pb_section][et_pb_section fb_built=\u00bb1&#8243; _builder_version=\u00bb3.0.47&#8243;][et_pb_row _builder_version=\u00bb3.8&#8243; background_size=\u00bbinitial\u00bb background_position=\u00bbtop_left\u00bb background_repeat=\u00bbrepeat\u00bb][et_pb_column type=\u00bb4_4&#8243; _builder_version=\u00bb3.0.47&#8243; parallax=\u00bboff\u00bb parallax_method=\u00bbon\u00bb][et_pb_text admin_label=\u00bbText intro de Que fer\u00bb _builder_version=\u00bb3.8&#8243; custom_margin=\u00bb|2em||2em\u00bb]<\/p>\n<p style=\"text-align: center;\">Todas las actividades que quer\u00e1is, desde senderismo a dar una vuelta en globo, gozar de la gastronom\u00eda de la comarca, de la artesan\u00eda, de ferias, fiestas &#8230; Recomendamos conocer la naturaleza haciendo excursiones a pie, en bicicleta, a caballo o en quads, recorriendo pueblecitos, castillos y todos sus parajes.<\/p>\n<p style=\"text-align: center;\">Lugares de inter\u00e9s: Os detallamos algunas direcciones que os pueden ser de utilidad para gozar de vuestra estancia. Turismo de Catalunya, por la comarca, por Igualada, lugares curiosos, museos&#8230;<\/p>\n<p>[\/et_pb_text][\/et_pb_column][\/et_pb_row][\/et_pb_section][et_pb_section fb_built=\u00bb1&#8243; disabled_on=\u00bboff|off|\u00bb _builder_version=\u00bb3.8&#8243; border_width_bottom=\u00bb1px\u00bb border_color_bottom=\u00bb#000000&#8243;][et_pb_row use_custom_gutter=\u00bbon\u00bb gutter_width=\u00bb1&#8243; _builder_version=\u00bb3.8&#8243;][et_pb_column type=\u00bb1_3&#8243; _builder_version=\u00bb3.0.47&#8243; parallax=\u00bboff\u00bb parallax_method=\u00bbon\u00bb][et_pb_image src=\u00bbhttps:\/\/www.rectoriaclariana.com\/wp-content\/uploads\/2018\/06\/montserrat-quefer2.jpg\u00bb url=\u00bbhttps:\/\/www.catalunya.com\/\u00bb url_new_window=\u00bbon\u00bb align=\u00bbcenter\u00bb force_fullwidth=\u00bbon\u00bb admin_label=\u00bbIMG MONTSERRAT\u00bb _builder_version=\u00bb3.8&#8243;][\/et_pb_image][et_pb_divider show_divider=\u00bboff\u00bb _builder_version=\u00bb3.8&#8243;][\/et_pb_divider][et_pb_text admin_label=\u00bbMontserrat\u00bb _builder_version=\u00bb3.8&#8243;]<\/p>\n<p style=\"text-align: center;\">TURISMO CATALUNYA<br \/> Todo el turismo de Catalunya<br \/> <a href=\"https:\/\/www.catalunya.com\/\" target=\"_blank\" rel=\"noopener\">www.catalunya.com<\/a><\/p>\n<p>[\/et_pb_text][\/et_pb_column][et_pb_column type=\u00bb1_3&#8243; _builder_version=\u00bb3.0.47&#8243; parallax=\u00bboff\u00bb parallax_method=\u00bbon\u00bb][et_pb_image src=\u00bbhttps:\/\/www.rectoriaclariana.com\/wp-content\/uploads\/2018\/06\/museudelpaper-quefer2.jpg\u00bb url=\u00bbhttp:\/\/www.mmp-capellades.net\u00bb url_new_window=\u00bbon\u00bb align=\u00bbcenter\u00bb force_fullwidth=\u00bbon\u00bb admin_label=\u00bbIMG MUSEU DEL PAPER\u00bb _builder_version=\u00bb3.8&#8243;][\/et_pb_image][et_pb_divider show_divider=\u00bboff\u00bb _builder_version=\u00bb3.8&#8243;][\/et_pb_divider][et_pb_text admin_label=\u00bbMuseu del paper\u00bb _builder_version=\u00bb3.8&#8243;]<\/p>\n<p style=\"text-align: center;\">MUSEU MOL\u00cd PAPERER DE CAPELLADES<br \/>\n(a 10 min.)<br \/>\nTel. 93 801 28 50<br \/>\n<a href=\"http:\/\/www.mmp-capellades.net\/\" target=\"_blank\" rel=\"noopener\">www.mmp-capellades.net<\/a><\/p>\n<p>[\/et_pb_text][\/et_pb_column][et_pb_column type=\u00bb1_3&#8243; _builder_version=\u00bb3.0.47&#8243; parallax=\u00bboff\u00bb parallax_method=\u00bbon\u00bb][et_pb_image src=\u00bbhttps:\/\/www.rectoriaclariana.com\/wp-content\/uploads\/2018\/06\/castelldelapobla-quefer2.jpg\u00bb url=\u00bbhttp:\/\/www.lapobladeclaramunt.org\u00bb url_new_window=\u00bbon\u00bb align=\u00bbcenter\u00bb force_fullwidth=\u00bbon\u00bb admin_label=\u00bbIMG CASTELL DE LA POBLA\u00bb _builder_version=\u00bb3.8&#8243;][\/et_pb_image][et_pb_divider show_divider=\u00bboff\u00bb _builder_version=\u00bb3.8&#8243;][\/et_pb_divider][et_pb_text admin_label=\u00bbCastell de la Pobla\u00bb _builder_version=\u00bb3.8&#8243;]<\/p>\n<p style=\"text-align: center;\">CASTILLO DE LA POBLA<br \/>\n(a 15 min.)<br \/>\nPobla de Claramunt<br \/>\n<a href=\"http:\/\/www.lapobladeclaramunt.cat\/el-municipi\/el-castell-de-claramunt.html\" target=\"_blank\" rel=\"noopener\">www.lapobladeclaramunt.cat<\/a><\/p>\n<p>[\/et_pb_text][\/et_pb_column][\/et_pb_row][et_pb_row use_custom_gutter=\u00bbon\u00bb gutter_width=\u00bb1&#8243; _builder_version=\u00bb3.8&#8243;][et_pb_column type=\u00bb1_3&#8243; _builder_version=\u00bb3.0.47&#8243; parallax=\u00bboff\u00bb parallax_method=\u00bbon\u00bb][et_pb_image src=\u00bbhttps:\/\/www.rectoriaclariana.com\/wp-content\/uploads\/2018\/06\/latossademontbui-quefer2.jpg\u00bb align=\u00bbcenter\u00bb admin_label=\u00bbIMG LA TOSSA DE MONTBUI\u00bb _builder_version=\u00bb3.8&#8243;][\/et_pb_image][et_pb_divider show_divider=\u00bboff\u00bb _builder_version=\u00bb3.8&#8243;][\/et_pb_divider][et_pb_text admin_label=\u00bbLa Tossa de Montbui\u00bb _builder_version=\u00bb3.8&#8243;]<\/p>\n<p style=\"text-align: center;\">LA TOSSA DE MONTBUI<br \/>\n(a 15 min.)<br \/>\nIglesia de Santa Maria y Castell<br \/>\nEspl\u00e9ndida vista de la conca de \u00d3dena<br \/>\nTel. 93 803 47 53<br \/>\n<a href=\"http:\/\/www.latossa.cat\/\" target=\"_blank\" rel=\"noopener\">www.latossa.cat<\/a><\/p>\n<p>[\/et_pb_text][\/et_pb_column][et_pb_column type=\u00bb1_3&#8243; _builder_version=\u00bb3.0.47&#8243; parallax=\u00bboff\u00bb parallax_method=\u00bbon\u00bb][et_pb_image src=\u00bbhttps:\/\/www.rectoriaclariana.com\/wp-content\/uploads\/2018\/06\/lanoia-quefer2.jpg\u00bb url=\u00bbhttp:\/\/www.anoia.net\u00bb url_new_window=\u00bbon\u00bb align=\u00bbcenter\u00bb admin_label=\u00bbIMG L&#8217;ANOIA\u00bb _builder_version=\u00bb3.8&#8243;][\/et_pb_image][et_pb_divider show_divider=\u00bboff\u00bb _builder_version=\u00bb3.8&#8243;][\/et_pb_divider][et_pb_text admin_label=\u00bbTurisme l&#8217;Anoia\u00bb _builder_version=\u00bb3.8&#8243;]<\/p>\n<p style=\"text-align: center;\">ANOIA TURISMO<br \/>\nTodo el turismo de la comarca de la Anoia<br \/>\nTel. 93 805 15 85<br \/>\n<a href=\"https:\/\/anoiaturisme.cat\/\" target=\"_blank\" rel=\"noopener\">www.anoiaturisme.cat<\/a><\/p>\n<p>[\/et_pb_text][\/et_pb_column][et_pb_column type=\u00bb1_3&#8243; _builder_version=\u00bb3.0.47&#8243; parallax=\u00bboff\u00bb parallax_method=\u00bbon\u00bb][et_pb_image src=\u00bbhttps:\/\/www.rectoriaclariana.com\/wp-content\/uploads\/2018\/06\/igualada-quefer2.jpg\u00bb url=\u00bbhttp:\/\/www.aj-igualada.net\u00bb url_new_window=\u00bbon\u00bb align=\u00bbcenter\u00bb admin_label=\u00bbIMG TURISME A IGUALADA\u00bb _builder_version=\u00bb3.8&#8243;][\/et_pb_image][et_pb_divider show_divider=\u00bboff\u00bb _builder_version=\u00bb3.8&#8243;][\/et_pb_divider][et_pb_text admin_label=\u00bbTurisme a Igualada\u00bb _builder_version=\u00bb3.8&#8243;]<\/p>\n<p style=\"text-align: center;\">TURISMO A IGUALADA<br \/>\n(a 5 min.)<br \/>\nTodo el turismo de Igualada<br \/>\n<a href=\"http:\/\/www.igualada.cat\/ca\/regidories\/promocio-cultural-rel-institucionals\/cultura\/oficina-dinformacio-cultural-i-turistica\" target=\"_blank\" rel=\"noopener\">www.igualada.cat<\/a><\/p>\n<p>[\/et_pb_text][\/et_pb_column][\/et_pb_row][et_pb_row use_custom_gutter=\u00bbon\u00bb gutter_width=\u00bb1&#8243; _builder_version=\u00bb3.8&#8243;][et_pb_column type=\u00bb1_3&#8243; _builder_version=\u00bb3.0.47&#8243; parallax=\u00bboff\u00bb parallax_method=\u00bbon\u00bb][et_pb_image src=\u00bbhttps:\/\/www.rectoriaclariana.com\/wp-content\/uploads\/2018\/06\/rutacisters-quefer2.jpg\u00bb url=\u00bbhttp:\/\/www.rutadelcister.org\u00bb url_new_window=\u00bbon\u00bb align=\u00bbcenter\u00bb admin_label=\u00bbIMG RUTA DELS CISTERS\u00bb _builder_version=\u00bb3.8&#8243;][\/et_pb_image][et_pb_divider show_divider=\u00bboff\u00bb _builder_version=\u00bb3.8&#8243;][\/et_pb_divider][et_pb_text admin_label=\u00bbRuta dels cisters\u00bb _builder_version=\u00bb3.8&#8243;]<\/p>\n<p style=\"text-align: center;\">RUTA DE LOS CISTERS<br \/>\n(a 30 min.)<br \/>\nRuta que une los 3 monasterios cistercences,<br \/>\na trav\u00e9s de la Conca de Barber\u00e0,<br \/>\nel Alt Camp y el Urgell<br \/>\n<a href=\"https:\/\/www.larutadelcister.info\/es\/oficines-de-turisme\" target=\"_blank\" rel=\"noopener\">www.larutadelcister.info<\/a><\/p>\n<p>[\/et_pb_text][\/et_pb_column][et_pb_column type=\u00bb1_3&#8243; _builder_version=\u00bb3.0.47&#8243; parallax=\u00bboff\u00bb parallax_method=\u00bbon\u00bb][et_pb_image src=\u00bbhttps:\/\/www.rectoriaclariana.com\/wp-content\/uploads\/2018\/06\/museupell-quefer2.jpg\u00bb url=\u00bbhttp:\/\/www.aj-igualada.net\u00bb url_new_window=\u00bbon\u00bb align=\u00bbcenter\u00bb admin_label=\u00bbIMG TURISME A IGUALADA\u00bb _builder_version=\u00bb3.8&#8243;][\/et_pb_image][et_pb_divider show_divider=\u00bboff\u00bb _builder_version=\u00bb3.8&#8243;][\/et_pb_divider][et_pb_text admin_label=\u00bbMUSEU DE LA PELL\u00bb _builder_version=\u00bb3.8&#8243;]<\/p>\n<p style=\"text-align: center;\">MUSEO DE PIEL DE IGUALADA<br \/>\n(a 5 min.)<br \/>\nTel. 93 804 67 52<br \/>\n<a href=\"http:\/\/museupelligualada.cat\/\" target=\"_blank\" rel=\"noopener\">www.museupelligualada.cat<\/a><\/p>\n<p>[\/et_pb_text][\/et_pb_column][et_pb_column type=\u00bb1_3&#8243; _builder_version=\u00bb3.0.47&#8243; parallax=\u00bboff\u00bb parallax_method=\u00bbon\u00bb][et_pb_image src=\u00bbhttps:\/\/www.rectoriaclariana.com\/wp-content\/uploads\/2018\/06\/museutraginer-quefer2.jpg\u00bb align=\u00bbcenter\u00bb admin_label=\u00bbIMG MUSEU DEL TRAGINER\u00bb _builder_version=\u00bb3.8&#8243;][\/et_pb_image][et_pb_divider show_divider=\u00bboff\u00bb _builder_version=\u00bb3.8&#8243;][\/et_pb_divider][et_pb_text admin_label=\u00bbMuseu del traginer\u00bb _builder_version=\u00bb3.8&#8243;]<\/p>\n<p style=\"text-align: center;\">MUSEO DEL TRAGINER DE IGUALADA<br \/>\n(a 5 min.)<br \/>\nColecci\u00f3n Toni Ros<br \/>\n<a href=\"http:\/\/www.museudeltraginer.com\/es\/\" target=\"_blank\" rel=\"noopener\">www.museudeltraginer.com<\/a><\/p>\n<p>[\/et_pb_text][\/et_pb_column][\/et_pb_row][et_pb_row use_custom_gutter=\u00bbon\u00bb gutter_width=\u00bb1&#8243; _builder_version=\u00bb3.8&#8243;][et_pb_column type=\u00bb1_3&#8243; _builder_version=\u00bb3.0.47&#8243; parallax=\u00bboff\u00bb parallax_method=\u00bbon\u00bb][et_pb_image src=\u00bbhttps:\/\/www.rectoriaclariana.com\/wp-content\/uploads\/2018\/06\/barcelona-quefer2.jpg\u00bb url_new_window=\u00bbon\u00bb align=\u00bbcenter\u00bb admin_label=\u00bbIMG TURISME A BARCELONA\u00bb _builder_version=\u00bb3.8&#8243;][\/et_pb_image][et_pb_divider show_divider=\u00bboff\u00bb _builder_version=\u00bb3.8&#8243;][\/et_pb_divider][et_pb_text admin_label=\u00bbBARCELONA\u00bb _builder_version=\u00bb3.8&#8243;]<\/p>\n<p style=\"text-align: center;\">BARCELONA<br \/>\n(a 30 min.)<br \/>\nTodo el turismo de Barcelona<br \/>\n<a href=\"https:\/\/www.barcelonaturisme.com\" target=\"_blank\" rel=\"noopener\">www.barcelonaturisme.com<\/a><br \/>\n<a href=\"https:\/\/ajuntament.barcelona.cat\/turisme\/ca\/\" target=\"_blank\" rel=\"noopener\">www.ajuntament.barcelona.cat\/turisme<\/a><\/p>\n<p>[\/et_pb_text][\/et_pb_column][et_pb_column type=\u00bb1_3&#8243; _builder_version=\u00bb3.0.47&#8243; parallax=\u00bboff\u00bb parallax_method=\u00bbon\u00bb][et_pb_image src=\u00bbhttps:\/\/www.rectoriaclariana.com\/wp-content\/uploads\/2018\/06\/portaventura-quefer2.jpg\u00bb url=\u00bbhttp:\/\/www.portaventura.es\u00bb url_new_window=\u00bbon\u00bb align=\u00bbcenter\u00bb admin_label=\u00bbIMG PORT AVENTURA\u00bb _builder_version=\u00bb3.8&#8243;][\/et_pb_image][et_pb_divider show_divider=\u00bboff\u00bb _builder_version=\u00bb3.8&#8243;][\/et_pb_divider][et_pb_text admin_label=\u00bbPort aventura\u00bb _builder_version=\u00bb3.8&#8243;]<\/p>\n<p style=\"text-align: center;\">PORT AVENTURA<br \/>\n(a 45 min.)<br \/>\nParque Tem\u00e1tico<br \/>\n<a href=\"https:\/\/www.portaventuraworld.com\/\" target=\"_blank\" rel=\"noopener\">www.portaventuraworld.com<\/a><\/p>\n<p>[\/et_pb_text][\/et_pb_column][et_pb_column type=\u00bb1_3&#8243; _builder_version=\u00bb3.0.47&#8243; parallax=\u00bboff\u00bb parallax_method=\u00bbon\u00bb][et_pb_image src=\u00bbhttps:\/\/www.rectoriaclariana.com\/wp-content\/uploads\/2018\/06\/sitges-quefer2.jpg\u00bb url=\u00bbhttp:\/\/www.sitges.portalregional.com\u00bb url_new_window=\u00bbon\u00bb align=\u00bbcenter\u00bb admin_label=\u00bbIMG PLATGES\u00bb _builder_version=\u00bb3.8&#8243;][\/et_pb_image][et_pb_divider show_divider=\u00bboff\u00bb _builder_version=\u00bb3.8&#8243;][\/et_pb_divider][et_pb_text admin_label=\u00bbPlatges\u00bb _builder_version=\u00bb3.8&#8243;]<\/p>\n<p style=\"text-align: center;\">PLAYAS<br \/>\n(a 45 min.)<br \/>\n<a href=\"http:\/\/www.visitsitges.com\/es\/\" target=\"_blank\" rel=\"noopener\">www.visitsitges.com<\/a><\/p>\n<p>[\/et_pb_text][\/et_pb_column][\/et_pb_row][\/et_pb_section]<\/p>\n","protected":false},"excerpt":{"rendered":"<p>[et_pb_section fb_built=\u00bb1&#8243; fullwidth=\u00bbon\u00bb _builder_version=\u00bb3.8&#8243;][et_pb_fullwidth_slider admin_label=\u00bbCap\u00e7alera\u00bb _builder_version=\u00bb3.8&#8243;][et_pb_slide heading=\u00bbcasa en Clariana, l\u2019Anoia\u00bb use_bg_overlay=\u00bboff\u00bb use_text_overlay=\u00bbon\u00bb text_overlay_color=\u00bb#000000&#8243; admin_title=\u00bbFoto i text\u00bb _builder_version=\u00bb3.8&#8243; header_level=\u00bbh1&#8243; header_font_size=\u00bb21&#8243; header_font_size_tablet=\u00bb16&#8243; header_font_size_phone=\u00bb16&#8243; header_line_height=\u00bb2.5em\u00bb header_line_height_tablet=\u00bb2.5em\u00bb header_line_height_phone=\u00bb2.5em\u00bb background_image=\u00bbhttps:\/\/www.rectoriaclariana.com\/wp-content\/uploads\/2018\/06\/capc\u0327alera-quefer.jpg\u00bb button_on_hover=\u00bbon\u00bb][\/et_pb_slide][\/et_pb_fullwidth_slider][\/et_pb_section][et_pb_section fb_built=\u00bb1&#8243; _builder_version=\u00bb3.0.47&#8243;][et_pb_row _builder_version=\u00bb3.8&#8243; background_size=\u00bbinitial\u00bb background_position=\u00bbtop_left\u00bb background_repeat=\u00bbrepeat\u00bb][et_pb_column type=\u00bb4_4&#8243; _builder_version=\u00bb3.0.47&#8243; parallax=\u00bboff\u00bb parallax_method=\u00bbon\u00bb][et_pb_text admin_label=\u00bbText intro de Que fer\u00bb _builder_version=\u00bb3.8&#8243; custom_margin=\u00bb|2em||2em\u00bb] Todas las actividades que quer\u00e1is, desde senderismo a dar una vuelta en [&hellip;]<\/p>\n","protected":false},"author":2,"featured_media":0,"parent":0,"menu_order":0,"comment_status":"closed","ping_status":"closed","template":"","meta":{"footnotes":""},"class_list":["post-429","page","type-page","status-publish","hentry"],"yoast_head":"<!-- This site is optimized with the Yoast SEO plugin v25.8 - https:\/\/yoast.com\/wordpress\/plugins\/seo\/ -->\n<title>Qu\u00e9 hacer - Rectoria Clariana<\/title>\n<meta name=\"robots\" content=\"index, follow, max-snippet:-1, max-image-preview:large, max-video-preview:-1\" \/>\n<link rel=\"canonical\" href=\"https:\/\/www.rectoriaclariana.com\/es\/que-hacer\/\" \/>\n<meta property=\"og:locale\" content=\"es_ES\" \/>\n<meta property=\"og:type\" content=\"article\" \/>\n<meta property=\"og:title\" content=\"Qu\u00e9 hacer - Rectoria Clariana\" \/>\n<meta property=\"og:description\" content=\"[et_pb_section fb_built=\u00bb1&#8243; fullwidth=\u00bbon\u00bb _builder_version=\u00bb3.8&#8243;][et_pb_fullwidth_slider admin_label=\u00bbCap\u00e7alera\u00bb _builder_version=\u00bb3.8&#8243;][et_pb_slide heading=\u00bbcasa en Clariana, l\u2019Anoia\u00bb use_bg_overlay=\u00bboff\u00bb use_text_overlay=\u00bbon\u00bb text_overlay_color=\u00bb#000000&#8243; admin_title=\u00bbFoto i text\u00bb _builder_version=\u00bb3.8&#8243; header_level=\u00bbh1&#8243; header_font_size=\u00bb21&#8243; header_font_size_tablet=\u00bb16&#8243; header_font_size_phone=\u00bb16&#8243; header_line_height=\u00bb2.5em\u00bb header_line_height_tablet=\u00bb2.5em\u00bb header_line_height_phone=\u00bb2.5em\u00bb background_image=\u00bbhttps:\/\/www.rectoriaclariana.com\/wp-content\/uploads\/2018\/06\/capc\u0327alera-quefer.jpg\u00bb button_on_hover=\u00bbon\u00bb][\/et_pb_slide][\/et_pb_fullwidth_slider][\/et_pb_section][et_pb_section fb_built=\u00bb1&#8243; _builder_version=\u00bb3.0.47&#8243;][et_pb_row _builder_version=\u00bb3.8&#8243; background_size=\u00bbinitial\u00bb background_position=\u00bbtop_left\u00bb background_repeat=\u00bbrepeat\u00bb][et_pb_column type=\u00bb4_4&#8243; _builder_version=\u00bb3.0.47&#8243; parallax=\u00bboff\u00bb parallax_method=\u00bbon\u00bb][et_pb_text admin_label=\u00bbText intro de Que fer\u00bb _builder_version=\u00bb3.8&#8243; custom_margin=\u00bb|2em||2em\u00bb] Todas las actividades que quer\u00e1is, desde senderismo a dar una vuelta en [&hellip;]\" \/>\n<meta property=\"og:url\" content=\"https:\/\/www.rectoriaclariana.com\/es\/que-hacer\/\" \/>\n<meta property=\"og:site_name\" content=\"Rectoria Clariana\" \/>\n<meta property=\"article:modified_time\" content=\"2024-01-18T18:48:06+00:00\" \/>\n<meta name=\"twitter:card\" content=\"summary_large_image\" \/>\n<meta name=\"twitter:label1\" content=\"Tiempo de lectura\" \/>\n\t<meta name=\"twitter:data1\" content=\"7 minutos\" \/>\n<script type=\"application\/ld+json\" class=\"yoast-schema-graph\">{\"@context\":\"https:\/\/schema.org\",\"@graph\":[{\"@type\":\"WebPage\",\"@id\":\"https:\/\/www.rectoriaclariana.com\/es\/que-hacer\/\",\"url\":\"https:\/\/www.rectoriaclariana.com\/es\/que-hacer\/\",\"name\":\"Qu\u00e9 hacer - Rectoria Clariana\",\"isPartOf\":{\"@id\":\"https:\/\/www.rectoriaclariana.com\/es\/#website\"},\"datePublished\":\"2018-06-30T08:43:52+00:00\",\"dateModified\":\"2024-01-18T18:48:06+00:00\",\"breadcrumb\":{\"@id\":\"https:\/\/www.rectoriaclariana.com\/es\/que-hacer\/#breadcrumb\"},\"inLanguage\":\"es\",\"potentialAction\":[{\"@type\":\"ReadAction\",\"target\":[\"https:\/\/www.rectoriaclariana.com\/es\/que-hacer\/\"]}]},{\"@type\":\"BreadcrumbList\",\"@id\":\"https:\/\/www.rectoriaclariana.com\/es\/que-hacer\/#breadcrumb\",\"itemListElement\":[{\"@type\":\"ListItem\",\"position\":1,\"name\":\"Inici\",\"item\":\"https:\/\/www.rectoriaclariana.com\/es\/\"},{\"@type\":\"ListItem\",\"position\":2,\"name\":\"Qu\u00e9 hacer\"}]},{\"@type\":\"WebSite\",\"@id\":\"https:\/\/www.rectoriaclariana.com\/es\/#website\",\"url\":\"https:\/\/www.rectoriaclariana.com\/es\/\",\"name\":\"Rectoria Clariana\",\"description\":\"casa a Clariana, l&#039;Anoia\",\"potentialAction\":[{\"@type\":\"SearchAction\",\"target\":{\"@type\":\"EntryPoint\",\"urlTemplate\":\"https:\/\/www.rectoriaclariana.com\/es\/?s={search_term_string}\"},\"query-input\":{\"@type\":\"PropertyValueSpecification\",\"valueRequired\":true,\"valueName\":\"search_term_string\"}}],\"inLanguage\":\"es\"}]}<\/script>\n<!-- \/ Yoast SEO plugin. -->","yoast_head_json":{"title":"Qu\u00e9 hacer - Rectoria Clariana","robots":{"index":"index","follow":"follow","max-snippet":"max-snippet:-1","max-image-preview":"max-image-preview:large","max-video-preview":"max-video-preview:-1"},"canonical":"https:\/\/www.rectoriaclariana.com\/es\/que-hacer\/","og_locale":"es_ES","og_type":"article","og_title":"Qu\u00e9 hacer - Rectoria Clariana","og_description":"[et_pb_section fb_built=\u00bb1&#8243; fullwidth=\u00bbon\u00bb _builder_version=\u00bb3.8&#8243;][et_pb_fullwidth_slider admin_label=\u00bbCap\u00e7alera\u00bb _builder_version=\u00bb3.8&#8243;][et_pb_slide heading=\u00bbcasa en Clariana, l\u2019Anoia\u00bb use_bg_overlay=\u00bboff\u00bb use_text_overlay=\u00bbon\u00bb text_overlay_color=\u00bb#000000&#8243; admin_title=\u00bbFoto i text\u00bb _builder_version=\u00bb3.8&#8243; header_level=\u00bbh1&#8243; header_font_size=\u00bb21&#8243; header_font_size_tablet=\u00bb16&#8243; header_font_size_phone=\u00bb16&#8243; header_line_height=\u00bb2.5em\u00bb header_line_height_tablet=\u00bb2.5em\u00bb header_line_height_phone=\u00bb2.5em\u00bb background_image=\u00bbhttps:\/\/www.rectoriaclariana.com\/wp-content\/uploads\/2018\/06\/capc\u0327alera-quefer.jpg\u00bb button_on_hover=\u00bbon\u00bb][\/et_pb_slide][\/et_pb_fullwidth_slider][\/et_pb_section][et_pb_section fb_built=\u00bb1&#8243; _builder_version=\u00bb3.0.47&#8243;][et_pb_row _builder_version=\u00bb3.8&#8243; background_size=\u00bbinitial\u00bb background_position=\u00bbtop_left\u00bb background_repeat=\u00bbrepeat\u00bb][et_pb_column type=\u00bb4_4&#8243; _builder_version=\u00bb3.0.47&#8243; parallax=\u00bboff\u00bb parallax_method=\u00bbon\u00bb][et_pb_text admin_label=\u00bbText intro de Que fer\u00bb _builder_version=\u00bb3.8&#8243; custom_margin=\u00bb|2em||2em\u00bb] Todas las actividades que quer\u00e1is, desde senderismo a dar una vuelta en [&hellip;]","og_url":"https:\/\/www.rectoriaclariana.com\/es\/que-hacer\/","og_site_name":"Rectoria Clariana","article_modified_time":"2024-01-18T18:48:06+00:00","twitter_card":"summary_large_image","twitter_misc":{"Tiempo de lectura":"7 minutos"},"schema":{"@context":"https:\/\/schema.org","@graph":[{"@type":"WebPage","@id":"https:\/\/www.rectoriaclariana.com\/es\/que-hacer\/","url":"https:\/\/www.rectoriaclariana.com\/es\/que-hacer\/","name":"Qu\u00e9 hacer - Rectoria Clariana","isPartOf":{"@id":"https:\/\/www.rectoriaclariana.com\/es\/#website"},"datePublished":"2018-06-30T08:43:52+00:00","dateModified":"2024-01-18T18:48:06+00:00","breadcrumb":{"@id":"https:\/\/www.rectoriaclariana.com\/es\/que-hacer\/#breadcrumb"},"inLanguage":"es","potentialAction":[{"@type":"ReadAction","target":["https:\/\/www.rectoriaclariana.com\/es\/que-hacer\/"]}]},{"@type":"BreadcrumbList","@id":"https:\/\/www.rectoriaclariana.com\/es\/que-hacer\/#breadcrumb","itemListElement":[{"@type":"ListItem","position":1,"name":"Inici","item":"https:\/\/www.rectoriaclariana.com\/es\/"},{"@type":"ListItem","position":2,"name":"Qu\u00e9 hacer"}]},{"@type":"WebSite","@id":"https:\/\/www.rectoriaclariana.com\/es\/#website","url":"https:\/\/www.rectoriaclariana.com\/es\/","name":"Rectoria Clariana","description":"casa a Clariana, l&#039;Anoia","potentialAction":[{"@type":"SearchAction","target":{"@type":"EntryPoint","urlTemplate":"https:\/\/www.rectoriaclariana.com\/es\/?s={search_term_string}"},"query-input":{"@type":"PropertyValueSpecification","valueRequired":true,"valueName":"search_term_string"}}],"inLanguage":"es"}]}},"_links":{"self":[{"href":"https:\/\/www.rectoriaclariana.com\/es\/wp-json\/wp\/v2\/pages\/429","targetHints":{"allow":["GET"]}}],"collection":[{"href":"https:\/\/www.rectoriaclariana.com\/es\/wp-json\/wp\/v2\/pages"}],"about":[{"href":"https:\/\/www.rectoriaclariana.com\/es\/wp-json\/wp\/v2\/types\/page"}],"author":[{"embeddable":true,"href":"https:\/\/www.rectoriaclariana.com\/es\/wp-json\/wp\/v2\/users\/2"}],"replies":[{"embeddable":true,"href":"https:\/\/www.rectoriaclariana.com\/es\/wp-json\/wp\/v2\/comments?post=429"}],"version-history":[{"count":23,"href":"https:\/\/www.rectoriaclariana.com\/es\/wp-json\/wp\/v2\/pages\/429\/revisions"}],"predecessor-version":[{"id":671,"href":"https:\/\/www.rectoriaclariana.com\/es\/wp-json\/wp\/v2\/pages\/429\/revisions\/671"}],"wp:attachment":[{"href":"https:\/\/www.rectoriaclariana.com\/es\/wp-json\/wp\/v2\/media?parent=429"}],"curies":[{"name":"wp","href":"https:\/\/api.w.org\/{rel}","templated":true}]}}