{"id":400,"date":"2018-06-30T08:24:31","date_gmt":"2018-06-30T08:24:31","guid":{"rendered":"https:\/\/www.rectoriaclariana.com\/la-casa\/"},"modified":"2024-12-09T13:03:27","modified_gmt":"2024-12-09T13:03:27","slug":"la-casa","status":"publish","type":"page","link":"https:\/\/www.rectoriaclariana.com\/es\/la-casa\/","title":{"rendered":"La casa"},"content":{"rendered":"<p>[et_pb_section bb_built=\u00bb1&#8243; fullwidth=\u00bbon\u00bb _builder_version=\u00bb3.8&#8243; next_background_color=\u00bb#000000&#8243;][et_pb_fullwidth_slider admin_label=\u00bbCap\u00e7alera\u00bb _builder_version=\u00bb3.8&#8243; saved_tabs=\u00bball\u00bb][et_pb_slide heading=\u00bbAlquiler de casa independiente cerca de Barcelona\u00bb use_bg_overlay=\u00bboff\u00bb use_text_overlay=\u00bbon\u00bb text_overlay_color=\u00bb#000000&#8243; admin_title=\u00bbFoto i text\u00bb _builder_version=\u00bb3.8&#8243; header_level=\u00bbh1&#8243; header_font_size=\u00bb21&#8243; header_font_size_tablet=\u00bb16&#8243; header_font_size_phone=\u00bb16&#8243; header_line_height=\u00bb2.3em\u00bb header_line_height_tablet=\u00bb2em\u00bb header_line_height_phone=\u00bb2em\u00bb body_font_size=\u00bb21&#8243; body_font_size_tablet=\u00bb18&#8243; body_font_size_phone=\u00bb18&#8243; background_image=\u00bbhttps:\/\/www.rectoriaclariana.com\/wp-content\/uploads\/2018\/06\/capc\u0327alera-lacasa.jpg\u00bb button_on_hover=\u00bbon\u00bb][\/et_pb_slide][\/et_pb_fullwidth_slider][\/et_pb_section][et_pb_section bb_built=\u00bb1&#8243; _builder_version=\u00bb3.0.47&#8243; prev_background_color=\u00bb#000000&#8243; next_background_color=\u00bb#000000&#8243;][et_pb_row _builder_version=\u00bb3.0.48&#8243; background_size=\u00bbinitial\u00bb background_position=\u00bbtop_left\u00bb background_repeat=\u00bbrepeat\u00bb][et_pb_column type=\u00bb4_4&#8243;][et_pb_text admin_label=\u00bbText intro de La Casa\u00bb _builder_version=\u00bb3.8&#8243; custom_margin=\u00bb|2em||2em\u00bb]<\/p>\n<p style=\"text-align: center;\">La casa con muros de piedra est\u00e1 ambientada con muebles r\u00fasticos y coloniales; decoraci\u00f3n que mezcla un ambiente r\u00fastico y elegante.<br \/>\nComedor con chimenea y espacio para descansar, con todas las comodidades como una cocina totalmente equipada e integrada en la decoraci\u00f3n de la casa, calefacci\u00f3n, TV, lavadora\u2026<\/p>\n<p>[\/et_pb_text][\/et_pb_column][\/et_pb_row][\/et_pb_section][et_pb_section bb_built=\u00bb1&#8243; disabled_on=\u00bbon|on|\u00bb _builder_version=\u00bb3.8&#8243; prev_background_color=\u00bb#000000&#8243; next_background_color=\u00bb#000000&#8243; border_width_bottom=\u00bb1px\u00bb border_color_bottom=\u00bb#000000&#8243;][et_pb_row _builder_version=\u00bb3.0.48&#8243; background_size=\u00bbinitial\u00bb background_position=\u00bbtop_left\u00bb background_repeat=\u00bbrepeat\u00bb][et_pb_column type=\u00bb4_4&#8243;][et_pb_text admin_label=\u00bbVersi\u00f3 Desktop\u00bb disabled_on=\u00bbon|on|on\u00bb _builder_version=\u00bb3.8&#8243; disabled=\u00bbon\u00bb \/][\/et_pb_column][\/et_pb_row][et_pb_row use_custom_gutter=\u00bbon\u00bb gutter_width=\u00bb1&#8243; custom_padding=\u00bb25.5938px|0px|0|0px|false|false\u00bb padding_right_1=\u00bb0px\u00bb _builder_version=\u00bb3.8&#8243; padding_left_1=\u00bb20px\u00bb custom_margin=\u00bb|||\u00bb padding_left_2=\u00bb0px\u00bb][et_pb_column type=\u00bb1_2&#8243;][et_pb_divider show_divider=\u00bboff\u00bb _builder_version=\u00bb3.8&#8243; \/][et_pb_text admin_label=\u00bbT\u00edtol menjador\u00bb _builder_version=\u00bb3.8&#8243; header_6_text_color=\u00bb#c1934f\u00bb]<\/p>\n<h6>EL COMEDOR:<\/h6>\n<p>[\/et_pb_text][et_pb_text admin_label=\u00bbText menjador\u00bb _builder_version=\u00bb3.8&#8243; max_width=\u00bb90%\u00bb module_alignment=\u00bbleft\u00bb]<\/p>\n<p style=\"text-align: left;\">El comedor permite disfrutar de una buena comida con la familia y los amigos en la mesa grande. En el sal\u00f3n, con la gran chimenea, la televisi\u00f3n, los sof\u00e1s y sus cojines garantiza los momentos de tranquilidad, descanso, lectura&#8230; son los lugares id\u00edlicos para estar a gusto y hacer vida.<\/p>\n<p>[\/et_pb_text][\/et_pb_column][et_pb_column type=\u00bb1_2&#8243;][et_pb_image admin_label=\u00bbImg el menjador\u00bb src=\u00bbhttps:\/\/www.rectoriaclariana.com\/wp-content\/uploads\/2018\/06\/elmenjador-lacasa.jpg\u00bb _builder_version=\u00bb3.8&#8243; custom_margin=\u00bb|||0px\u00bb \/][\/et_pb_column][\/et_pb_row][et_pb_row use_custom_gutter=\u00bbon\u00bb gutter_width=\u00bb1&#8243; custom_padding=\u00bb0px||0px|\u00bb padding_left_2=\u00bb50px\u00bb _builder_version=\u00bb3.8&#8243;][et_pb_column type=\u00bb1_2&#8243;][et_pb_image admin_label=\u00bbImg Habitacions\u00bb src=\u00bbhttps:\/\/www.rectoriaclariana.com\/wp-content\/uploads\/2018\/06\/habitacions-lacasa.jpg\u00bb align=\u00bbright\u00bb _builder_version=\u00bb3.8&#8243; custom_margin=\u00bb|0px||\u00bb \/][\/et_pb_column][et_pb_column type=\u00bb1_2&#8243;][et_pb_divider show_divider=\u00bboff\u00bb _builder_version=\u00bb3.8&#8243; max_width=\u00bb85%\u00bb \/][et_pb_text admin_label=\u00bbhabitacions\u00bb _builder_version=\u00bb3.8&#8243; header_6_text_color=\u00bb#c1934f\u00bb max_width=\u00bb85%\u00bb]<\/p>\n<h6>HABITACIONES:<\/h6>\n<p>[\/et_pb_text][et_pb_text admin_label=\u00bbText habitacions\u00bb _builder_version=\u00bb3.8&#8243;]<\/p>\n<p>Las habitaciones son exteriores y con calefacci\u00f3n, cada una con un car\u00e1cter y una identidad diferente. Dispone de 5 habitaciones, con posibilidad de 2 camas supletorias.<\/p>\n<p>Los ba\u00f1os siguen la armon\u00eda de la casa. Totalmente equipados, garantizan la comodidad total de nuestros hu\u00e9spedes durante su estancia.<\/p>\n<p>[\/et_pb_text][\/et_pb_column][\/et_pb_row][et_pb_row use_custom_gutter=\u00bbon\u00bb gutter_width=\u00bb1&#8243; custom_padding=\u00bb0px||0px|\u00bb padding_right_1=\u00bb50px\u00bb _builder_version=\u00bb3.8&#8243;][et_pb_column type=\u00bb1_2&#8243;][et_pb_divider show_divider=\u00bboff\u00bb _builder_version=\u00bb3.8&#8243; \/][et_pb_text admin_label=\u00bbT\u00edtol el porxo\u00bb _builder_version=\u00bb3.8&#8243; header_6_text_color=\u00bb#c1934f\u00bb]<\/p>\n<h6>EL PORCHE:<\/h6>\n<p>[\/et_pb_text][et_pb_text admin_label=\u00bbText el porxo\u00bb _builder_version=\u00bb3.8&#8243; max_width=\u00bb90%\u00bb module_alignment=\u00bbleft\u00bb]<\/p>\n<p>El porche, integrado dentro de una terraza \u00edntima y acogedora con una p\u00e9rgola, hacen de las comidas un aut\u00e9ntico placer.<\/p>\n<p>Largas charlas en las noches de verano, juegos de sobremesa en un lugar id\u00edlico, disfrutar de un rinc\u00f3n con aire fresco de un ambiente rural,&#8230;<\/p>\n<p>[\/et_pb_text][\/et_pb_column][et_pb_column type=\u00bb1_2&#8243;][et_pb_image admin_label=\u00bbImg el porxo\u00bb src=\u00bbhttps:\/\/www.rectoriaclariana.com\/wp-content\/uploads\/2018\/06\/porxo-lacasa.jpg\u00bb _builder_version=\u00bb3.8&#8243; custom_margin=\u00bb|||0px\u00bb \/][\/et_pb_column][\/et_pb_row][et_pb_row use_custom_gutter=\u00bbon\u00bb gutter_width=\u00bb1&#8243; custom_padding=\u00bb0px||0px|\u00bb padding_left_2=\u00bb50px\u00bb _builder_version=\u00bb3.8&#8243;][et_pb_column type=\u00bb1_2&#8243;][et_pb_image admin_label=\u00bbImg Piscina i jard\u00ed\u00bb src=\u00bbhttps:\/\/www.rectoriaclariana.com\/wp-content\/uploads\/2018\/06\/lapiscina-lacasa.jpg\u00bb align=\u00bbright\u00bb _builder_version=\u00bb3.8&#8243; custom_margin=\u00bb|0px||\u00bb \/][\/et_pb_column][et_pb_column type=\u00bb1_2&#8243;][et_pb_divider show_divider=\u00bboff\u00bb _builder_version=\u00bb3.8&#8243; \/][et_pb_text admin_label=\u00bbT\u00edtol la piscina i el jard\u00ed\u00bb _builder_version=\u00bb3.8&#8243; header_6_text_color=\u00bb#c1934f\u00bb]<\/p>\n<h6>LA PISCINA Y EL JARD\u00cdN:<\/h6>\n<p>[\/et_pb_text][et_pb_text admin_label=\u00bbText la piscina i el Jard\u00ed\u00bb _builder_version=\u00bb3.8&#8243;]<\/p>\n<p>Dispone de jardines multicolores, que muestran su encanto en cada estaci\u00f3n del a\u00f1o, y de una espl\u00e9ndida piscina con un gran espacio de c\u00e9sped.<\/p>\n<p>Un patio que en \u00e9pocas de buen tiempo, sirve de zona de ocio para los m\u00e1s peque\u00f1os o para saborear una barbacoa.<\/p>\n<p>[\/et_pb_text][\/et_pb_column][\/et_pb_row][\/et_pb_section][et_pb_section bb_built=\u00bb1&#8243; disabled_on=\u00bboff|off|on\u00bb _builder_version=\u00bb3.8&#8243; prev_background_color=\u00bb#000000&#8243; border_width_bottom=\u00bb1px\u00bb border_color_bottom=\u00bb#000000&#8243;][et_pb_row disabled_on=\u00bbon|on|on\u00bb _builder_version=\u00bb3.8&#8243; disabled=\u00bbon\u00bb][et_pb_column type=\u00bb4_4&#8243;][et_pb_text admin_label=\u00bbVersi\u00f3 m\u00f2bils i ipads\u00bb _builder_version=\u00bb3.8&#8243; \/][\/et_pb_column][\/et_pb_row][et_pb_row use_custom_gutter=\u00bbon\u00bb gutter_width=\u00bb1&#8243; _builder_version=\u00bb3.8&#8243;][et_pb_column type=\u00bb4_4&#8243;][et_pb_text admin_label=\u00bbT\u00edtol menjador\u00bb _builder_version=\u00bb3.8&#8243; header_6_text_color=\u00bb#c1934f\u00bb]<\/p>\n<h6 style=\"text-align: center;\">EL COMEDOR:<\/h6>\n<p>[\/et_pb_text][et_pb_text admin_label=\u00bbText menjador\u00bb _builder_version=\u00bb3.8&#8243;]<\/p>\n<p style=\"text-align: left;\">En este viaje bastante salvaje se puede escuchar el silencio desde cualquier punto. El comedor y la sala de estar, permite gozar, tanto de la chimenea que acompa\u00f1a los buenos momentos, la TV, de una buena comida en la mesa grande y tambi\u00e9n de la lectura de los sof\u00e1s que garantizan estos momentos de tranquilidad. Es el sitio id\u00edlico para hacer vida.<\/p>\n<p>[\/et_pb_text][et_pb_divider show_divider=\u00bboff\u00bb _builder_version=\u00bb3.8&#8243; \/][et_pb_image admin_label=\u00bbImg el menjador\u00bb src=\u00bbhttps:\/\/www.rectoriaclariana.com\/wp-content\/uploads\/2018\/06\/elmenjador-lacasa.jpg\u00bb _builder_version=\u00bb3.8&#8243; \/][\/et_pb_column][\/et_pb_row][et_pb_row use_custom_gutter=\u00bbon\u00bb gutter_width=\u00bb1&#8243; padding_left_2=\u00bb50px\u00bb _builder_version=\u00bb3.8&#8243;][et_pb_column type=\u00bb4_4&#8243;][et_pb_text admin_label=\u00bbhabitacions\u00bb _builder_version=\u00bb3.8&#8243; header_6_text_color=\u00bb#c1934f\u00bb]<\/p>\n<h6 style=\"text-align: center;\">HABITACIONES:<\/h6>\n<p>[\/et_pb_text][et_pb_text admin_label=\u00bbText habitacions\u00bb _builder_version=\u00bb3.8&#8243;]<\/p>\n<p>Los ba\u00f1os de la casa siguen la harmonia de la casa. Totalmente equipados, garantizan la comodidad total de nuestros hu\u00e9spedes durante su estancia.<\/p>\n<p>[\/et_pb_text][et_pb_divider show_divider=\u00bboff\u00bb _builder_version=\u00bb3.8&#8243; \/][et_pb_image admin_label=\u00bbImg Habitacions\u00bb src=\u00bbhttps:\/\/www.rectoriaclariana.com\/wp-content\/uploads\/2018\/06\/habitacions-lacasa.jpg\u00bb align=\u00bbright\u00bb _builder_version=\u00bb3.8&#8243; \/][\/et_pb_column][\/et_pb_row][et_pb_row use_custom_gutter=\u00bbon\u00bb gutter_width=\u00bb1&#8243; _builder_version=\u00bb3.8&#8243;][et_pb_column type=\u00bb4_4&#8243;][et_pb_text admin_label=\u00bbT\u00edtol el porxo\u00bb _builder_version=\u00bb3.8&#8243; header_6_text_color=\u00bb#c1934f\u00bb]<\/p>\n<h6 style=\"text-align: center;\">EL PORCHE:<\/h6>\n<p>[\/et_pb_text][et_pb_text admin_label=\u00bbText el porxo\u00bb _builder_version=\u00bb3.8&#8243;]<\/p>\n<p>El porche, integrado dentro de una terraza \u00edntima y acogedora con una p\u00e9rgola, hacen de las comidas un aut\u00e9ntico placer.<\/p>\n<p>Llargues sobretaules a les nits d\u2019estiu, jocs de sobretaula en un lloc id\u00edl\u00b7lic, llegar en un rac\u00f3 amb l\u2019aire fresc d\u2019un ambient rural, \u2026<\/p>\n<p>[\/et_pb_text][et_pb_divider show_divider=\u00bboff\u00bb _builder_version=\u00bb3.8&#8243; \/][et_pb_image admin_label=\u00bbImg el porxo\u00bb src=\u00bbhttps:\/\/www.rectoriaclariana.com\/wp-content\/uploads\/2018\/06\/porxo-lacasa.jpg\u00bb _builder_version=\u00bb3.8&#8243; \/][\/et_pb_column][\/et_pb_row][et_pb_row use_custom_gutter=\u00bbon\u00bb gutter_width=\u00bb1&#8243; padding_left_2=\u00bb50px\u00bb _builder_version=\u00bb3.8&#8243;][et_pb_column type=\u00bb4_4&#8243;][et_pb_text admin_label=\u00bbT\u00edtol la piscina i el jard\u00ed\u00bb _builder_version=\u00bb3.8&#8243; header_6_text_color=\u00bb#c1934f\u00bb]<\/p>\n<h6 style=\"text-align: center;\">LA PISCINA Y EL JARD\u00cdN:<\/h6>\n<p>[\/et_pb_text][et_pb_text admin_label=\u00bbText la piscina i el Jard\u00ed\u00bb _builder_version=\u00bb3.8&#8243;]<\/p>\n<p>Dispone de jardines multicolores, que muestran su encanto en cada estaci\u00f3n del a\u00f1o, y de una espl\u00e9ndida piscina con un gran espacio de hierva.<\/p>\n<p>Un pati que en les \u00e8poques de bon temps, serveix de zona d\u2019esbarjo per a la mainada o per gaudir d\u2019una barbacoa d\u2019all\u00f2 m\u00e9s gustosa.<\/p>\n<p>[\/et_pb_text][et_pb_divider show_divider=\u00bboff\u00bb _builder_version=\u00bb3.8&#8243; \/][et_pb_image admin_label=\u00bbImg Piscina i jard\u00ed\u00bb src=\u00bbhttps:\/\/www.rectoriaclariana.com\/wp-content\/uploads\/2018\/06\/lapiscina-lacasa.jpg\u00bb align=\u00bbright\u00bb _builder_version=\u00bb3.8&#8243; custom_margin=\u00bb|0px||\u00bb \/][\/et_pb_column][\/et_pb_row][\/et_pb_section]<\/p>\n","protected":false},"excerpt":{"rendered":"<p>[et_pb_section bb_built=\u00bb1&#8243; fullwidth=\u00bbon\u00bb _builder_version=\u00bb3.8&#8243; next_background_color=\u00bb#000000&#8243;][et_pb_fullwidth_slider admin_label=\u00bbCap\u00e7alera\u00bb _builder_version=\u00bb3.8&#8243; saved_tabs=\u00bball\u00bb][et_pb_slide heading=\u00bbAlquiler de casa independiente cerca de Barcelona\u00bb use_bg_overlay=\u00bboff\u00bb use_text_overlay=\u00bbon\u00bb text_overlay_color=\u00bb#000000&#8243; admin_title=\u00bbFoto i text\u00bb _builder_version=\u00bb3.8&#8243; header_level=\u00bbh1&#8243; header_font_size=\u00bb21&#8243; header_font_size_tablet=\u00bb16&#8243; header_font_size_phone=\u00bb16&#8243; header_line_height=\u00bb2.3em\u00bb header_line_height_tablet=\u00bb2em\u00bb header_line_height_phone=\u00bb2em\u00bb body_font_size=\u00bb21&#8243; body_font_size_tablet=\u00bb18&#8243; body_font_size_phone=\u00bb18&#8243; background_image=\u00bbhttps:\/\/www.rectoriaclariana.com\/wp-content\/uploads\/2018\/06\/capc\u0327alera-lacasa.jpg\u00bb button_on_hover=\u00bbon\u00bb][\/et_pb_slide][\/et_pb_fullwidth_slider][\/et_pb_section][et_pb_section bb_built=\u00bb1&#8243; _builder_version=\u00bb3.0.47&#8243; prev_background_color=\u00bb#000000&#8243; next_background_color=\u00bb#000000&#8243;][et_pb_row _builder_version=\u00bb3.0.48&#8243; background_size=\u00bbinitial\u00bb background_position=\u00bbtop_left\u00bb background_repeat=\u00bbrepeat\u00bb][et_pb_column type=\u00bb4_4&#8243;][et_pb_text admin_label=\u00bbText intro de La Casa\u00bb _builder_version=\u00bb3.8&#8243; custom_margin=\u00bb|2em||2em\u00bb] La casa con muros de [&hellip;]<\/p>\n","protected":false},"author":2,"featured_media":0,"parent":0,"menu_order":0,"comment_status":"closed","ping_status":"closed","template":"","meta":{"footnotes":""},"class_list":["post-400","page","type-page","status-publish","hentry"],"yoast_head":"<!-- This site is optimized with the Yoast SEO plugin v25.8 - https:\/\/yoast.com\/wordpress\/plugins\/seo\/ -->\n<title>La casa - Rectoria Clariana<\/title>\n<meta name=\"robots\" content=\"index, follow, max-snippet:-1, max-image-preview:large, max-video-preview:-1\" \/>\n<link rel=\"canonical\" href=\"https:\/\/www.rectoriaclariana.com\/es\/la-casa\/\" \/>\n<meta property=\"og:locale\" content=\"es_ES\" \/>\n<meta property=\"og:type\" content=\"article\" \/>\n<meta property=\"og:title\" content=\"La casa - Rectoria Clariana\" \/>\n<meta property=\"og:description\" content=\"[et_pb_section bb_built=\u00bb1&#8243; fullwidth=\u00bbon\u00bb _builder_version=\u00bb3.8&#8243; next_background_color=\u00bb#000000&#8243;][et_pb_fullwidth_slider admin_label=\u00bbCap\u00e7alera\u00bb _builder_version=\u00bb3.8&#8243; saved_tabs=\u00bball\u00bb][et_pb_slide heading=\u00bbAlquiler de casa independiente cerca de Barcelona\u00bb use_bg_overlay=\u00bboff\u00bb use_text_overlay=\u00bbon\u00bb text_overlay_color=\u00bb#000000&#8243; admin_title=\u00bbFoto i text\u00bb _builder_version=\u00bb3.8&#8243; header_level=\u00bbh1&#8243; header_font_size=\u00bb21&#8243; header_font_size_tablet=\u00bb16&#8243; header_font_size_phone=\u00bb16&#8243; header_line_height=\u00bb2.3em\u00bb header_line_height_tablet=\u00bb2em\u00bb header_line_height_phone=\u00bb2em\u00bb body_font_size=\u00bb21&#8243; body_font_size_tablet=\u00bb18&#8243; body_font_size_phone=\u00bb18&#8243; background_image=\u00bbhttps:\/\/www.rectoriaclariana.com\/wp-content\/uploads\/2018\/06\/capc\u0327alera-lacasa.jpg\u00bb button_on_hover=\u00bbon\u00bb][\/et_pb_slide][\/et_pb_fullwidth_slider][\/et_pb_section][et_pb_section bb_built=\u00bb1&#8243; _builder_version=\u00bb3.0.47&#8243; prev_background_color=\u00bb#000000&#8243; next_background_color=\u00bb#000000&#8243;][et_pb_row _builder_version=\u00bb3.0.48&#8243; background_size=\u00bbinitial\u00bb background_position=\u00bbtop_left\u00bb background_repeat=\u00bbrepeat\u00bb][et_pb_column type=\u00bb4_4&#8243;][et_pb_text admin_label=\u00bbText intro de La Casa\u00bb _builder_version=\u00bb3.8&#8243; custom_margin=\u00bb|2em||2em\u00bb] La casa con muros de [&hellip;]\" \/>\n<meta property=\"og:url\" content=\"https:\/\/www.rectoriaclariana.com\/es\/la-casa\/\" \/>\n<meta property=\"og:site_name\" content=\"Rectoria Clariana\" \/>\n<meta property=\"article:modified_time\" content=\"2024-12-09T13:03:27+00:00\" \/>\n<meta name=\"twitter:card\" content=\"summary_large_image\" \/>\n<meta name=\"twitter:label1\" content=\"Tiempo de lectura\" \/>\n\t<meta name=\"twitter:data1\" content=\"8 minutos\" \/>\n<script type=\"application\/ld+json\" class=\"yoast-schema-graph\">{\"@context\":\"https:\/\/schema.org\",\"@graph\":[{\"@type\":\"WebPage\",\"@id\":\"https:\/\/www.rectoriaclariana.com\/es\/la-casa\/\",\"url\":\"https:\/\/www.rectoriaclariana.com\/es\/la-casa\/\",\"name\":\"La casa - Rectoria Clariana\",\"isPartOf\":{\"@id\":\"https:\/\/www.rectoriaclariana.com\/es\/#website\"},\"datePublished\":\"2018-06-30T08:24:31+00:00\",\"dateModified\":\"2024-12-09T13:03:27+00:00\",\"breadcrumb\":{\"@id\":\"https:\/\/www.rectoriaclariana.com\/es\/la-casa\/#breadcrumb\"},\"inLanguage\":\"es\",\"potentialAction\":[{\"@type\":\"ReadAction\",\"target\":[\"https:\/\/www.rectoriaclariana.com\/es\/la-casa\/\"]}]},{\"@type\":\"BreadcrumbList\",\"@id\":\"https:\/\/www.rectoriaclariana.com\/es\/la-casa\/#breadcrumb\",\"itemListElement\":[{\"@type\":\"ListItem\",\"position\":1,\"name\":\"Inici\",\"item\":\"https:\/\/www.rectoriaclariana.com\/es\/\"},{\"@type\":\"ListItem\",\"position\":2,\"name\":\"La casa\"}]},{\"@type\":\"WebSite\",\"@id\":\"https:\/\/www.rectoriaclariana.com\/es\/#website\",\"url\":\"https:\/\/www.rectoriaclariana.com\/es\/\",\"name\":\"Rectoria Clariana\",\"description\":\"casa a Clariana, l&#039;Anoia\",\"potentialAction\":[{\"@type\":\"SearchAction\",\"target\":{\"@type\":\"EntryPoint\",\"urlTemplate\":\"https:\/\/www.rectoriaclariana.com\/es\/?s={search_term_string}\"},\"query-input\":{\"@type\":\"PropertyValueSpecification\",\"valueRequired\":true,\"valueName\":\"search_term_string\"}}],\"inLanguage\":\"es\"}]}<\/script>\n<!-- \/ Yoast SEO plugin. -->","yoast_head_json":{"title":"La casa - Rectoria Clariana","robots":{"index":"index","follow":"follow","max-snippet":"max-snippet:-1","max-image-preview":"max-image-preview:large","max-video-preview":"max-video-preview:-1"},"canonical":"https:\/\/www.rectoriaclariana.com\/es\/la-casa\/","og_locale":"es_ES","og_type":"article","og_title":"La casa - Rectoria Clariana","og_description":"[et_pb_section bb_built=\u00bb1&#8243; fullwidth=\u00bbon\u00bb _builder_version=\u00bb3.8&#8243; next_background_color=\u00bb#000000&#8243;][et_pb_fullwidth_slider admin_label=\u00bbCap\u00e7alera\u00bb _builder_version=\u00bb3.8&#8243; saved_tabs=\u00bball\u00bb][et_pb_slide heading=\u00bbAlquiler de casa independiente cerca de Barcelona\u00bb use_bg_overlay=\u00bboff\u00bb use_text_overlay=\u00bbon\u00bb text_overlay_color=\u00bb#000000&#8243; admin_title=\u00bbFoto i text\u00bb _builder_version=\u00bb3.8&#8243; header_level=\u00bbh1&#8243; header_font_size=\u00bb21&#8243; header_font_size_tablet=\u00bb16&#8243; header_font_size_phone=\u00bb16&#8243; header_line_height=\u00bb2.3em\u00bb header_line_height_tablet=\u00bb2em\u00bb header_line_height_phone=\u00bb2em\u00bb body_font_size=\u00bb21&#8243; body_font_size_tablet=\u00bb18&#8243; body_font_size_phone=\u00bb18&#8243; background_image=\u00bbhttps:\/\/www.rectoriaclariana.com\/wp-content\/uploads\/2018\/06\/capc\u0327alera-lacasa.jpg\u00bb button_on_hover=\u00bbon\u00bb][\/et_pb_slide][\/et_pb_fullwidth_slider][\/et_pb_section][et_pb_section bb_built=\u00bb1&#8243; _builder_version=\u00bb3.0.47&#8243; prev_background_color=\u00bb#000000&#8243; next_background_color=\u00bb#000000&#8243;][et_pb_row _builder_version=\u00bb3.0.48&#8243; background_size=\u00bbinitial\u00bb background_position=\u00bbtop_left\u00bb background_repeat=\u00bbrepeat\u00bb][et_pb_column type=\u00bb4_4&#8243;][et_pb_text admin_label=\u00bbText intro de La Casa\u00bb _builder_version=\u00bb3.8&#8243; custom_margin=\u00bb|2em||2em\u00bb] La casa con muros de [&hellip;]","og_url":"https:\/\/www.rectoriaclariana.com\/es\/la-casa\/","og_site_name":"Rectoria Clariana","article_modified_time":"2024-12-09T13:03:27+00:00","twitter_card":"summary_large_image","twitter_misc":{"Tiempo de lectura":"8 minutos"},"schema":{"@context":"https:\/\/schema.org","@graph":[{"@type":"WebPage","@id":"https:\/\/www.rectoriaclariana.com\/es\/la-casa\/","url":"https:\/\/www.rectoriaclariana.com\/es\/la-casa\/","name":"La casa - Rectoria Clariana","isPartOf":{"@id":"https:\/\/www.rectoriaclariana.com\/es\/#website"},"datePublished":"2018-06-30T08:24:31+00:00","dateModified":"2024-12-09T13:03:27+00:00","breadcrumb":{"@id":"https:\/\/www.rectoriaclariana.com\/es\/la-casa\/#breadcrumb"},"inLanguage":"es","potentialAction":[{"@type":"ReadAction","target":["https:\/\/www.rectoriaclariana.com\/es\/la-casa\/"]}]},{"@type":"BreadcrumbList","@id":"https:\/\/www.rectoriaclariana.com\/es\/la-casa\/#breadcrumb","itemListElement":[{"@type":"ListItem","position":1,"name":"Inici","item":"https:\/\/www.rectoriaclariana.com\/es\/"},{"@type":"ListItem","position":2,"name":"La casa"}]},{"@type":"WebSite","@id":"https:\/\/www.rectoriaclariana.com\/es\/#website","url":"https:\/\/www.rectoriaclariana.com\/es\/","name":"Rectoria Clariana","description":"casa a Clariana, l&#039;Anoia","potentialAction":[{"@type":"SearchAction","target":{"@type":"EntryPoint","urlTemplate":"https:\/\/www.rectoriaclariana.com\/es\/?s={search_term_string}"},"query-input":{"@type":"PropertyValueSpecification","valueRequired":true,"valueName":"search_term_string"}}],"inLanguage":"es"}]}},"_links":{"self":[{"href":"https:\/\/www.rectoriaclariana.com\/es\/wp-json\/wp\/v2\/pages\/400","targetHints":{"allow":["GET"]}}],"collection":[{"href":"https:\/\/www.rectoriaclariana.com\/es\/wp-json\/wp\/v2\/pages"}],"about":[{"href":"https:\/\/www.rectoriaclariana.com\/es\/wp-json\/wp\/v2\/types\/page"}],"author":[{"embeddable":true,"href":"https:\/\/www.rectoriaclariana.com\/es\/wp-json\/wp\/v2\/users\/2"}],"replies":[{"embeddable":true,"href":"https:\/\/www.rectoriaclariana.com\/es\/wp-json\/wp\/v2\/comments?post=400"}],"version-history":[{"count":24,"href":"https:\/\/www.rectoriaclariana.com\/es\/wp-json\/wp\/v2\/pages\/400\/revisions"}],"predecessor-version":[{"id":626,"href":"https:\/\/www.rectoriaclariana.com\/es\/wp-json\/wp\/v2\/pages\/400\/revisions\/626"}],"wp:attachment":[{"href":"https:\/\/www.rectoriaclariana.com\/es\/wp-json\/wp\/v2\/media?parent=400"}],"curies":[{"name":"wp","href":"https:\/\/api.w.org\/{rel}","templated":true}]}}