{"id":383,"date":"2018-06-30T08:05:16","date_gmt":"2018-06-30T08:05:16","guid":{"rendered":"https:\/\/www.rectoriaclariana.com\/contacta\/"},"modified":"2026-01-08T12:24:32","modified_gmt":"2026-01-08T12:24:32","slug":"contacta","status":"publish","type":"page","link":"https:\/\/www.rectoriaclariana.com\/es\/contacta\/","title":{"rendered":"Contacta"},"content":{"rendered":"<p>[et_pb_section fb_built=\u00bb1&#8243; fullwidth=\u00bbon\u00bb _builder_version=\u00bb3.8&#8243;][et_pb_fullwidth_slider admin_label=\u00bbCap\u00e7alera\u00bb _builder_version=\u00bb3.8&#8243; background_image=\u00bbhttps:\/\/www.rectoriaclariana.com\/wp-content\/uploads\/2018\/06\/capc\u0327alera-contacta.jpg\u00bb][et_pb_slide heading=\u00bbContacta con la casa La Rectoria\u00bb use_bg_overlay=\u00bboff\u00bb use_text_overlay=\u00bbon\u00bb text_overlay_color=\u00bb#000000&#8243; admin_title=\u00bbFoto i text\u00bb _builder_version=\u00bb3.8&#8243; header_level=\u00bbh1&#8243; header_font_size=\u00bb21&#8243; header_font_size_tablet=\u00bb16&#8243; header_font_size_phone=\u00bb16&#8243; header_line_height=\u00bb2.5em\u00bb header_line_height_tablet=\u00bb2.5em\u00bb header_line_height_phone=\u00bb2.5em\u00bb background_image=\u00bbhttps:\/\/www.rectoriaclariana.com\/wp-content\/uploads\/2018\/06\/capc\u0327alera-contacta.jpg\u00bb button_on_hover=\u00bbon\u00bb][\/et_pb_slide][\/et_pb_fullwidth_slider][\/et_pb_section][et_pb_section fb_built=\u00bb1&#8243; _builder_version=\u00bb3.8&#8243; border_width_bottom=\u00bb1px\u00bb border_color_bottom=\u00bb#000000&#8243;][et_pb_row _builder_version=\u00bb3.8&#8243;][et_pb_column type=\u00bb1_2&#8243; _builder_version=\u00bb3.0.47&#8243; parallax=\u00bboff\u00bb parallax_method=\u00bbon\u00bb][et_pb_text admin_label=\u00bbDades contacte\u00bb _builder_version=\u00bb3.8&#8243;]<\/p>\n<p>Para cualquier duda, sugerencia, consulta o comentario sobre la casa, el servicio, o cualquier cosa que os interese, estaremos encantados de responderos e intentar mejorar con vuestros comentarios.<\/p>\n<p>Pla\u00e7a de l\u2019Esgl\u00e9sia, s\/n<br \/> 08717 Clariana (Argen\u00e7ola) \u2013 Barcelona<\/p>\n<p>Tel 616 17 10 11<br \/> www.rectoriaclariana.com<br \/><a href=\"mailto:teresa@rectoriaclariana.com\">teresa@rectoriaclariana.com<\/a><\/p>\n<p>[\/et_pb_text][\/et_pb_column][et_pb_column type=\u00bb1_2&#8243; _builder_version=\u00bb3.0.47&#8243; parallax=\u00bboff\u00bb parallax_method=\u00bbon\u00bb][et_pb_contact_form email=\u00bbteresa@rectoriaclariana.com\u00bb module_id=\u00bbet_pb_contact_form_0&#8243; _builder_version=\u00bb3.8&#8243;][et_pb_contact_field field_id=\u00bbName\u00bb field_title=\u00bbNombre y apellido\u00bb fullwidth_field=\u00bbon\u00bb _builder_version=\u00bb3.8&#8243;][\/et_pb_contact_field][et_pb_contact_field field_id=\u00bbEmail\u00bb field_title=\u00bbMail\u00bb field_type=\u00bbemail\u00bb fullwidth_field=\u00bbon\u00bb _builder_version=\u00bb3.8&#8243;][\/et_pb_contact_field][et_pb_contact_field field_id=\u00bbM\u00f3vil\u00bb field_title=\u00bbM\u00f3vil\u00bb fullwidth_field=\u00bbon\u00bb _builder_version=\u00bb3.8&#8243;][\/et_pb_contact_field][et_pb_contact_field field_id=\u00bbMessage\u00bb field_title=\u00bbMensaje\u00bb field_type=\u00bbtext\u00bb fullwidth_field=\u00bbon\u00bb _builder_version=\u00bb3.8&#8243;][\/et_pb_contact_field][\/et_pb_contact_form][et_pb_text _builder_version=\u00bb3.8&#8243; text_font_size=\u00bb12px\u00bb]Te informamos que los datos de car\u00e1cter personal que nos proporciones rellenando este formulario ser\u00e1n tratados por La Rectoria cumpliendo don la ley de protecci\u00f3n de datos. Tus datos ser\u00e1n utilizados para responder a tu solicitud y en cualquier momento podr\u00e1s solicitar acceso a ellos, pedir su rectificaci\u00f3n, su limitaci\u00f3n de uso o su supresi\u00f3n escribi\u00e9ndonos a reserves@rectoriaclariana.com.<br \/>\n[\/et_pb_text][\/et_pb_column][\/et_pb_row][\/et_pb_section]<\/p>\n","protected":false},"excerpt":{"rendered":"<p>[et_pb_section fb_built=\u00bb1&#8243; fullwidth=\u00bbon\u00bb _builder_version=\u00bb3.8&#8243;][et_pb_fullwidth_slider admin_label=\u00bbCap\u00e7alera\u00bb _builder_version=\u00bb3.8&#8243; background_image=\u00bbhttps:\/\/www.rectoriaclariana.com\/wp-content\/uploads\/2018\/06\/capc\u0327alera-contacta.jpg\u00bb][et_pb_slide heading=\u00bbContacta con la casa La Rectoria\u00bb use_bg_overlay=\u00bboff\u00bb use_text_overlay=\u00bbon\u00bb text_overlay_color=\u00bb#000000&#8243; admin_title=\u00bbFoto i text\u00bb _builder_version=\u00bb3.8&#8243; header_level=\u00bbh1&#8243; header_font_size=\u00bb21&#8243; header_font_size_tablet=\u00bb16&#8243; header_font_size_phone=\u00bb16&#8243; header_line_height=\u00bb2.5em\u00bb header_line_height_tablet=\u00bb2.5em\u00bb header_line_height_phone=\u00bb2.5em\u00bb background_image=\u00bbhttps:\/\/www.rectoriaclariana.com\/wp-content\/uploads\/2018\/06\/capc\u0327alera-contacta.jpg\u00bb button_on_hover=\u00bbon\u00bb][\/et_pb_slide][\/et_pb_fullwidth_slider][\/et_pb_section][et_pb_section fb_built=\u00bb1&#8243; _builder_version=\u00bb3.8&#8243; border_width_bottom=\u00bb1px\u00bb border_color_bottom=\u00bb#000000&#8243;][et_pb_row _builder_version=\u00bb3.8&#8243;][et_pb_column type=\u00bb1_2&#8243; _builder_version=\u00bb3.0.47&#8243; parallax=\u00bboff\u00bb parallax_method=\u00bbon\u00bb][et_pb_text admin_label=\u00bbDades contacte\u00bb _builder_version=\u00bb3.8&#8243;] Para cualquier duda, sugerencia, consulta o comentario sobre la casa, el servicio, o cualquier [&hellip;]<\/p>\n","protected":false},"author":2,"featured_media":0,"parent":0,"menu_order":0,"comment_status":"closed","ping_status":"open","template":"","meta":{"footnotes":""},"class_list":["post-383","page","type-page","status-publish","hentry"],"yoast_head":"<!-- This site is optimized with the Yoast SEO plugin v25.8 - https:\/\/yoast.com\/wordpress\/plugins\/seo\/ -->\n<title>Contacta - Rectoria Clariana<\/title>\n<meta name=\"robots\" content=\"index, follow, max-snippet:-1, max-image-preview:large, max-video-preview:-1\" \/>\n<link rel=\"canonical\" href=\"https:\/\/www.rectoriaclariana.com\/es\/contacta\/\" \/>\n<meta property=\"og:locale\" content=\"es_ES\" \/>\n<meta property=\"og:type\" content=\"article\" \/>\n<meta property=\"og:title\" content=\"Contacta - Rectoria Clariana\" \/>\n<meta property=\"og:description\" content=\"[et_pb_section fb_built=\u00bb1&#8243; fullwidth=\u00bbon\u00bb _builder_version=\u00bb3.8&#8243;][et_pb_fullwidth_slider admin_label=\u00bbCap\u00e7alera\u00bb _builder_version=\u00bb3.8&#8243; background_image=\u00bbhttps:\/\/www.rectoriaclariana.com\/wp-content\/uploads\/2018\/06\/capc\u0327alera-contacta.jpg\u00bb][et_pb_slide heading=\u00bbContacta con la casa La Rectoria\u00bb use_bg_overlay=\u00bboff\u00bb use_text_overlay=\u00bbon\u00bb text_overlay_color=\u00bb#000000&#8243; admin_title=\u00bbFoto i text\u00bb _builder_version=\u00bb3.8&#8243; header_level=\u00bbh1&#8243; header_font_size=\u00bb21&#8243; header_font_size_tablet=\u00bb16&#8243; header_font_size_phone=\u00bb16&#8243; header_line_height=\u00bb2.5em\u00bb header_line_height_tablet=\u00bb2.5em\u00bb header_line_height_phone=\u00bb2.5em\u00bb background_image=\u00bbhttps:\/\/www.rectoriaclariana.com\/wp-content\/uploads\/2018\/06\/capc\u0327alera-contacta.jpg\u00bb button_on_hover=\u00bbon\u00bb][\/et_pb_slide][\/et_pb_fullwidth_slider][\/et_pb_section][et_pb_section fb_built=\u00bb1&#8243; _builder_version=\u00bb3.8&#8243; border_width_bottom=\u00bb1px\u00bb border_color_bottom=\u00bb#000000&#8243;][et_pb_row _builder_version=\u00bb3.8&#8243;][et_pb_column type=\u00bb1_2&#8243; _builder_version=\u00bb3.0.47&#8243; parallax=\u00bboff\u00bb parallax_method=\u00bbon\u00bb][et_pb_text admin_label=\u00bbDades contacte\u00bb _builder_version=\u00bb3.8&#8243;] Para cualquier duda, sugerencia, consulta o comentario sobre la casa, el servicio, o cualquier [&hellip;]\" \/>\n<meta property=\"og:url\" content=\"https:\/\/www.rectoriaclariana.com\/es\/contacta\/\" \/>\n<meta property=\"og:site_name\" content=\"Rectoria Clariana\" \/>\n<meta property=\"article:modified_time\" content=\"2026-01-08T12:24:32+00:00\" \/>\n<meta name=\"twitter:card\" content=\"summary_large_image\" \/>\n<meta name=\"twitter:label1\" content=\"Tiempo de lectura\" \/>\n\t<meta name=\"twitter:data1\" content=\"2 minutos\" \/>\n<script type=\"application\/ld+json\" class=\"yoast-schema-graph\">{\"@context\":\"https:\/\/schema.org\",\"@graph\":[{\"@type\":\"WebPage\",\"@id\":\"https:\/\/www.rectoriaclariana.com\/es\/contacta\/\",\"url\":\"https:\/\/www.rectoriaclariana.com\/es\/contacta\/\",\"name\":\"Contacta - Rectoria Clariana\",\"isPartOf\":{\"@id\":\"https:\/\/www.rectoriaclariana.com\/es\/#website\"},\"datePublished\":\"2018-06-30T08:05:16+00:00\",\"dateModified\":\"2026-01-08T12:24:32+00:00\",\"breadcrumb\":{\"@id\":\"https:\/\/www.rectoriaclariana.com\/es\/contacta\/#breadcrumb\"},\"inLanguage\":\"es\",\"potentialAction\":[{\"@type\":\"ReadAction\",\"target\":[\"https:\/\/www.rectoriaclariana.com\/es\/contacta\/\"]}]},{\"@type\":\"BreadcrumbList\",\"@id\":\"https:\/\/www.rectoriaclariana.com\/es\/contacta\/#breadcrumb\",\"itemListElement\":[{\"@type\":\"ListItem\",\"position\":1,\"name\":\"Inici\",\"item\":\"https:\/\/www.rectoriaclariana.com\/es\/\"},{\"@type\":\"ListItem\",\"position\":2,\"name\":\"Contacta\"}]},{\"@type\":\"WebSite\",\"@id\":\"https:\/\/www.rectoriaclariana.com\/es\/#website\",\"url\":\"https:\/\/www.rectoriaclariana.com\/es\/\",\"name\":\"Rectoria Clariana\",\"description\":\"casa a Clariana, l&#039;Anoia\",\"potentialAction\":[{\"@type\":\"SearchAction\",\"target\":{\"@type\":\"EntryPoint\",\"urlTemplate\":\"https:\/\/www.rectoriaclariana.com\/es\/?s={search_term_string}\"},\"query-input\":{\"@type\":\"PropertyValueSpecification\",\"valueRequired\":true,\"valueName\":\"search_term_string\"}}],\"inLanguage\":\"es\"}]}<\/script>\n<!-- \/ Yoast SEO plugin. -->","yoast_head_json":{"title":"Contacta - Rectoria Clariana","robots":{"index":"index","follow":"follow","max-snippet":"max-snippet:-1","max-image-preview":"max-image-preview:large","max-video-preview":"max-video-preview:-1"},"canonical":"https:\/\/www.rectoriaclariana.com\/es\/contacta\/","og_locale":"es_ES","og_type":"article","og_title":"Contacta - Rectoria Clariana","og_description":"[et_pb_section fb_built=\u00bb1&#8243; fullwidth=\u00bbon\u00bb _builder_version=\u00bb3.8&#8243;][et_pb_fullwidth_slider admin_label=\u00bbCap\u00e7alera\u00bb _builder_version=\u00bb3.8&#8243; background_image=\u00bbhttps:\/\/www.rectoriaclariana.com\/wp-content\/uploads\/2018\/06\/capc\u0327alera-contacta.jpg\u00bb][et_pb_slide heading=\u00bbContacta con la casa La Rectoria\u00bb use_bg_overlay=\u00bboff\u00bb use_text_overlay=\u00bbon\u00bb text_overlay_color=\u00bb#000000&#8243; admin_title=\u00bbFoto i text\u00bb _builder_version=\u00bb3.8&#8243; header_level=\u00bbh1&#8243; header_font_size=\u00bb21&#8243; header_font_size_tablet=\u00bb16&#8243; header_font_size_phone=\u00bb16&#8243; header_line_height=\u00bb2.5em\u00bb header_line_height_tablet=\u00bb2.5em\u00bb header_line_height_phone=\u00bb2.5em\u00bb background_image=\u00bbhttps:\/\/www.rectoriaclariana.com\/wp-content\/uploads\/2018\/06\/capc\u0327alera-contacta.jpg\u00bb button_on_hover=\u00bbon\u00bb][\/et_pb_slide][\/et_pb_fullwidth_slider][\/et_pb_section][et_pb_section fb_built=\u00bb1&#8243; _builder_version=\u00bb3.8&#8243; border_width_bottom=\u00bb1px\u00bb border_color_bottom=\u00bb#000000&#8243;][et_pb_row _builder_version=\u00bb3.8&#8243;][et_pb_column type=\u00bb1_2&#8243; _builder_version=\u00bb3.0.47&#8243; parallax=\u00bboff\u00bb parallax_method=\u00bbon\u00bb][et_pb_text admin_label=\u00bbDades contacte\u00bb _builder_version=\u00bb3.8&#8243;] Para cualquier duda, sugerencia, consulta o comentario sobre la casa, el servicio, o cualquier [&hellip;]","og_url":"https:\/\/www.rectoriaclariana.com\/es\/contacta\/","og_site_name":"Rectoria Clariana","article_modified_time":"2026-01-08T12:24:32+00:00","twitter_card":"summary_large_image","twitter_misc":{"Tiempo de lectura":"2 minutos"},"schema":{"@context":"https:\/\/schema.org","@graph":[{"@type":"WebPage","@id":"https:\/\/www.rectoriaclariana.com\/es\/contacta\/","url":"https:\/\/www.rectoriaclariana.com\/es\/contacta\/","name":"Contacta - Rectoria Clariana","isPartOf":{"@id":"https:\/\/www.rectoriaclariana.com\/es\/#website"},"datePublished":"2018-06-30T08:05:16+00:00","dateModified":"2026-01-08T12:24:32+00:00","breadcrumb":{"@id":"https:\/\/www.rectoriaclariana.com\/es\/contacta\/#breadcrumb"},"inLanguage":"es","potentialAction":[{"@type":"ReadAction","target":["https:\/\/www.rectoriaclariana.com\/es\/contacta\/"]}]},{"@type":"BreadcrumbList","@id":"https:\/\/www.rectoriaclariana.com\/es\/contacta\/#breadcrumb","itemListElement":[{"@type":"ListItem","position":1,"name":"Inici","item":"https:\/\/www.rectoriaclariana.com\/es\/"},{"@type":"ListItem","position":2,"name":"Contacta"}]},{"@type":"WebSite","@id":"https:\/\/www.rectoriaclariana.com\/es\/#website","url":"https:\/\/www.rectoriaclariana.com\/es\/","name":"Rectoria Clariana","description":"casa a Clariana, l&#039;Anoia","potentialAction":[{"@type":"SearchAction","target":{"@type":"EntryPoint","urlTemplate":"https:\/\/www.rectoriaclariana.com\/es\/?s={search_term_string}"},"query-input":{"@type":"PropertyValueSpecification","valueRequired":true,"valueName":"search_term_string"}}],"inLanguage":"es"}]}},"_links":{"self":[{"href":"https:\/\/www.rectoriaclariana.com\/es\/wp-json\/wp\/v2\/pages\/383","targetHints":{"allow":["GET"]}}],"collection":[{"href":"https:\/\/www.rectoriaclariana.com\/es\/wp-json\/wp\/v2\/pages"}],"about":[{"href":"https:\/\/www.rectoriaclariana.com\/es\/wp-json\/wp\/v2\/types\/page"}],"author":[{"embeddable":true,"href":"https:\/\/www.rectoriaclariana.com\/es\/wp-json\/wp\/v2\/users\/2"}],"replies":[{"embeddable":true,"href":"https:\/\/www.rectoriaclariana.com\/es\/wp-json\/wp\/v2\/comments?post=383"}],"version-history":[{"count":16,"href":"https:\/\/www.rectoriaclariana.com\/es\/wp-json\/wp\/v2\/pages\/383\/revisions"}],"predecessor-version":[{"id":8137,"href":"https:\/\/www.rectoriaclariana.com\/es\/wp-json\/wp\/v2\/pages\/383\/revisions\/8137"}],"wp:attachment":[{"href":"https:\/\/www.rectoriaclariana.com\/es\/wp-json\/wp\/v2\/media?parent=383"}],"curies":[{"name":"wp","href":"https:\/\/api.w.org\/{rel}","templated":true}]}}