{"id":379,"date":"2018-06-30T07:44:56","date_gmt":"2018-06-30T07:44:56","guid":{"rendered":"https:\/\/www.rectoriaclariana.com\/?page_id=379"},"modified":"2018-11-02T11:35:59","modified_gmt":"2018-11-02T11:35:59","slug":"como-llegar","status":"publish","type":"page","link":"https:\/\/www.rectoriaclariana.com\/es\/como-llegar\/","title":{"rendered":"C\u00f3mo llegar"},"content":{"rendered":"<p>[et_pb_section bb_built=\u00bb1&#8243; fullwidth=\u00bbon\u00bb _builder_version=\u00bb3.8&#8243; next_background_color=\u00bb#000000&#8243;][et_pb_fullwidth_slider admin_label=\u00bbCap\u00e7alera\u00bb _builder_version=\u00bb3.8&#8243;][et_pb_slide heading=\u00bbcasa en Clariana, Anoia, Catalunya\u00bb use_bg_overlay=\u00bboff\u00bb use_text_overlay=\u00bbon\u00bb text_overlay_color=\u00bb#000000&#8243; admin_title=\u00bbFoto i text\u00bb _builder_version=\u00bb3.8&#8243; header_level=\u00bbh1&#8243; header_font_size=\u00bb21&#8243; header_font_size_tablet=\u00bb16&#8243; header_font_size_phone=\u00bb16&#8243; background_image=\u00bbhttps:\/\/www.rectoriaclariana.com\/wp-content\/uploads\/2018\/06\/capc\u0327alera-comarribar.jpg\u00bb button_on_hover=\u00bbon\u00bb button_link=\u00bb#\u00bb background_color=\u00bb#c1934f\u00bb use_background_color_gradient=\u00bboff\u00bb background_color_gradient_start=\u00bb#2b87da\u00bb background_color_gradient_end=\u00bb#29c4a9&#8243; background_color_gradient_type=\u00bblinear\u00bb background_color_gradient_direction=\u00bb180deg\u00bb background_color_gradient_direction_radial=\u00bbcenter\u00bb background_color_gradient_start_position=\u00bb0%\u00bb background_color_gradient_end_position=\u00bb100%\u00bb background_color_gradient_overlays_image=\u00bboff\u00bb parallax=\u00bboff\u00bb parallax_method=\u00bbon\u00bb background_size=\u00bbcover\u00bb background_position=\u00bbcenter\u00bb background_repeat=\u00bbno-repeat\u00bb background_blend=\u00bbnormal\u00bb allow_player_pause=\u00bboff\u00bb background_video_pause_outside_viewport=\u00bbon\u00bb text_border_radius=\u00bb3&#8243; alignment=\u00bbcenter\u00bb child_filter_hue_rotate=\u00bb0deg\u00bb child_filter_saturate=\u00bb100%\u00bb child_filter_brightness=\u00bb100%\u00bb child_filter_contrast=\u00bb100%\u00bb child_filter_invert=\u00bb0%\u00bb child_filter_sepia=\u00bb0%\u00bb child_filter_opacity=\u00bb100%\u00bb child_filter_blur=\u00bb0px\u00bb child_mix_blend_mode=\u00bbnormal\u00bb background_layout=\u00bbdark\u00bb text_shadow_style=\u00bbnone\u00bb header_text_shadow_style=\u00bbnone\u00bb body_text_shadow_style=\u00bbnone\u00bb custom_button=\u00bboff\u00bb button_bg_use_color_gradient=\u00bboff\u00bb button_bg_color_gradient_overlays_image=\u00bboff\u00bb button_use_icon=\u00bbon\u00bb button_text_shadow_style=\u00bbnone\u00bb box_shadow_style_button=\u00bbnone\u00bb text_shadow_horizontal_length=\u00bb0em\u00bb text_shadow_vertical_length=\u00bb0em\u00bb text_shadow_blur_strength=\u00bb0em\u00bb header_line_height=\u00bb2.5em\u00bb header_line_height_tablet=\u00bb2.5em\u00bb header_line_height_phone=\u00bb2.5em\u00bb header_text_shadow_horizontal_length=\u00bb0em\u00bb header_text_shadow_vertical_length=\u00bb0em\u00bb header_text_shadow_blur_strength=\u00bb0em\u00bb body_text_shadow_horizontal_length=\u00bb0em\u00bb body_text_shadow_vertical_length=\u00bb0em\u00bb body_text_shadow_blur_strength=\u00bb0em\u00bb button_text_shadow_horizontal_length=\u00bb0em\u00bb button_text_shadow_vertical_length=\u00bb0em\u00bb button_text_shadow_blur_strength=\u00bb0em\u00bb \/][\/et_pb_fullwidth_slider][\/et_pb_section][et_pb_section bb_built=\u00bb1&#8243; _builder_version=\u00bb3.0.47&#8243; prev_background_color=\u00bb#000000&#8243; next_background_color=\u00bb#000000&#8243;][et_pb_row _builder_version=\u00bb3.0.48&#8243; background_size=\u00bbinitial\u00bb background_position=\u00bbtop_left\u00bb background_repeat=\u00bbrepeat\u00bb][et_pb_column type=\u00bb4_4&#8243;][et_pb_text admin_label=\u00bbText intro de Com arribar\u00bb _builder_version=\u00bb3.8&#8243; custom_margin=\u00bb|2em||2em\u00bb]<\/p>\n<p style=\"text-align: center;\">Situado en el centro de Catalunya, a 30 minutos de Barcelona, 45 de Tarragona (Port Aventura) y a 45 de las playas (Sitges). Dejar la N-II por la salida del km. 550 y seguir direcci\u00f3n Santa Margarida de Montbui. Seguidamente, se deben seguir las indicaciones hacia Santa Coloma de Queralt (C-241) y a 6 km por esta carretera encontrar\u00e9is un cruce que indica el pueblo. Seguir la carretera durante 6 km m\u00e1s y ya ver\u00e9is el pueblo.<\/p>\n<p>[\/et_pb_text][\/et_pb_column][\/et_pb_row][\/et_pb_section][et_pb_section bb_built=\u00bb1&#8243; specialty=\u00bboff\u00bb prev_background_color=\u00bb#000000&#8243; _builder_version=\u00bb3.8&#8243; border_width_bottom=\u00bb1px\u00bb border_color_bottom=\u00bb#000000&#8243;][et_pb_row _builder_version=\u00bb3.8&#8243; make_fullwidth=\u00bbon\u00bb][et_pb_column type=\u00bb4_4&#8243;][et_pb_map _builder_version=\u00bb3.8&#8243; address=\u00bbPla\u00e7a de l&#8217;Esgl\u00e8sia, s\/n, 08717 Argen\u00e7ola, Clariana, Barcelona, Espa\u00f1a\u00bb address_lat=\u00bb41.591055&#8243; address_lng=\u00bb1.498078200000009&#8243; zoom_level=\u00bb12&#8243;][et_pb_map_pin _builder_version=\u00bb3.8&#8243; zoom_level=\u00bb18&#8243; pin_address_lat=\u00bb41.591055&#8243; pin_address_lng=\u00bb1.498078200000009&#8243; pin_address=\u00bbBV-2212, 08717 Argen\u00e7ola, Barcelona, Espa\u00f1a\u00bb \/][\/et_pb_map][\/et_pb_column][\/et_pb_row][\/et_pb_section]<\/p>\n","protected":false},"excerpt":{"rendered":"<p>[et_pb_section bb_built=\u00bb1&#8243; fullwidth=\u00bbon\u00bb _builder_version=\u00bb3.8&#8243; next_background_color=\u00bb#000000&#8243;][et_pb_fullwidth_slider admin_label=\u00bbCap\u00e7alera\u00bb _builder_version=\u00bb3.8&#8243;][et_pb_slide heading=\u00bbcasa en Clariana, Anoia, Catalunya\u00bb use_bg_overlay=\u00bboff\u00bb use_text_overlay=\u00bbon\u00bb text_overlay_color=\u00bb#000000&#8243; admin_title=\u00bbFoto i text\u00bb _builder_version=\u00bb3.8&#8243; header_level=\u00bbh1&#8243; header_font_size=\u00bb21&#8243; header_font_size_tablet=\u00bb16&#8243; header_font_size_phone=\u00bb16&#8243; background_image=\u00bbhttps:\/\/www.rectoriaclariana.com\/wp-content\/uploads\/2018\/06\/capc\u0327alera-comarribar.jpg\u00bb button_on_hover=\u00bbon\u00bb button_link=\u00bb#\u00bb background_color=\u00bb#c1934f\u00bb use_background_color_gradient=\u00bboff\u00bb background_color_gradient_start=\u00bb#2b87da\u00bb background_color_gradient_end=\u00bb#29c4a9&#8243; background_color_gradient_type=\u00bblinear\u00bb background_color_gradient_direction=\u00bb180deg\u00bb background_color_gradient_direction_radial=\u00bbcenter\u00bb background_color_gradient_start_position=\u00bb0%\u00bb background_color_gradient_end_position=\u00bb100%\u00bb background_color_gradient_overlays_image=\u00bboff\u00bb parallax=\u00bboff\u00bb parallax_method=\u00bbon\u00bb background_size=\u00bbcover\u00bb background_position=\u00bbcenter\u00bb background_repeat=\u00bbno-repeat\u00bb background_blend=\u00bbnormal\u00bb allow_player_pause=\u00bboff\u00bb background_video_pause_outside_viewport=\u00bbon\u00bb text_border_radius=\u00bb3&#8243; alignment=\u00bbcenter\u00bb child_filter_hue_rotate=\u00bb0deg\u00bb child_filter_saturate=\u00bb100%\u00bb child_filter_brightness=\u00bb100%\u00bb child_filter_contrast=\u00bb100%\u00bb child_filter_invert=\u00bb0%\u00bb child_filter_sepia=\u00bb0%\u00bb child_filter_opacity=\u00bb100%\u00bb child_filter_blur=\u00bb0px\u00bb child_mix_blend_mode=\u00bbnormal\u00bb [&hellip;]<\/p>\n","protected":false},"author":2,"featured_media":0,"parent":0,"menu_order":0,"comment_status":"closed","ping_status":"closed","template":"","meta":{"footnotes":""},"class_list":["post-379","page","type-page","status-publish","hentry"],"yoast_head":"<!-- This site is optimized with the Yoast SEO plugin v25.8 - https:\/\/yoast.com\/wordpress\/plugins\/seo\/ -->\n<title>C\u00f3mo llegar - Rectoria Clariana<\/title>\n<meta name=\"robots\" content=\"index, follow, max-snippet:-1, max-image-preview:large, max-video-preview:-1\" \/>\n<link rel=\"canonical\" href=\"https:\/\/www.rectoriaclariana.com\/es\/como-llegar\/\" \/>\n<meta property=\"og:locale\" content=\"es_ES\" \/>\n<meta property=\"og:type\" content=\"article\" \/>\n<meta property=\"og:title\" content=\"C\u00f3mo llegar - Rectoria Clariana\" \/>\n<meta property=\"og:description\" content=\"[et_pb_section bb_built=\u00bb1&#8243; fullwidth=\u00bbon\u00bb _builder_version=\u00bb3.8&#8243; next_background_color=\u00bb#000000&#8243;][et_pb_fullwidth_slider admin_label=\u00bbCap\u00e7alera\u00bb _builder_version=\u00bb3.8&#8243;][et_pb_slide heading=\u00bbcasa en Clariana, Anoia, Catalunya\u00bb use_bg_overlay=\u00bboff\u00bb use_text_overlay=\u00bbon\u00bb text_overlay_color=\u00bb#000000&#8243; admin_title=\u00bbFoto i text\u00bb _builder_version=\u00bb3.8&#8243; header_level=\u00bbh1&#8243; header_font_size=\u00bb21&#8243; header_font_size_tablet=\u00bb16&#8243; header_font_size_phone=\u00bb16&#8243; background_image=\u00bbhttps:\/\/www.rectoriaclariana.com\/wp-content\/uploads\/2018\/06\/capc\u0327alera-comarribar.jpg\u00bb button_on_hover=\u00bbon\u00bb button_link=\u00bb#\u00bb background_color=\u00bb#c1934f\u00bb use_background_color_gradient=\u00bboff\u00bb background_color_gradient_start=\u00bb#2b87da\u00bb background_color_gradient_end=\u00bb#29c4a9&#8243; background_color_gradient_type=\u00bblinear\u00bb background_color_gradient_direction=\u00bb180deg\u00bb background_color_gradient_direction_radial=\u00bbcenter\u00bb background_color_gradient_start_position=\u00bb0%\u00bb background_color_gradient_end_position=\u00bb100%\u00bb background_color_gradient_overlays_image=\u00bboff\u00bb parallax=\u00bboff\u00bb parallax_method=\u00bbon\u00bb background_size=\u00bbcover\u00bb background_position=\u00bbcenter\u00bb background_repeat=\u00bbno-repeat\u00bb background_blend=\u00bbnormal\u00bb allow_player_pause=\u00bboff\u00bb background_video_pause_outside_viewport=\u00bbon\u00bb text_border_radius=\u00bb3&#8243; alignment=\u00bbcenter\u00bb child_filter_hue_rotate=\u00bb0deg\u00bb child_filter_saturate=\u00bb100%\u00bb child_filter_brightness=\u00bb100%\u00bb child_filter_contrast=\u00bb100%\u00bb child_filter_invert=\u00bb0%\u00bb child_filter_sepia=\u00bb0%\u00bb child_filter_opacity=\u00bb100%\u00bb child_filter_blur=\u00bb0px\u00bb child_mix_blend_mode=\u00bbnormal\u00bb [&hellip;]\" \/>\n<meta property=\"og:url\" content=\"https:\/\/www.rectoriaclariana.com\/es\/como-llegar\/\" \/>\n<meta property=\"og:site_name\" content=\"Rectoria Clariana\" \/>\n<meta property=\"article:modified_time\" content=\"2018-11-02T11:35:59+00:00\" \/>\n<meta name=\"twitter:card\" content=\"summary_large_image\" \/>\n<meta name=\"twitter:label1\" content=\"Tiempo de lectura\" \/>\n\t<meta name=\"twitter:data1\" content=\"3 minutos\" \/>\n<script type=\"application\/ld+json\" class=\"yoast-schema-graph\">{\"@context\":\"https:\/\/schema.org\",\"@graph\":[{\"@type\":\"WebPage\",\"@id\":\"https:\/\/www.rectoriaclariana.com\/es\/como-llegar\/\",\"url\":\"https:\/\/www.rectoriaclariana.com\/es\/como-llegar\/\",\"name\":\"C\u00f3mo llegar - Rectoria Clariana\",\"isPartOf\":{\"@id\":\"https:\/\/www.rectoriaclariana.com\/es\/#website\"},\"datePublished\":\"2018-06-30T07:44:56+00:00\",\"dateModified\":\"2018-11-02T11:35:59+00:00\",\"breadcrumb\":{\"@id\":\"https:\/\/www.rectoriaclariana.com\/es\/como-llegar\/#breadcrumb\"},\"inLanguage\":\"es\",\"potentialAction\":[{\"@type\":\"ReadAction\",\"target\":[\"https:\/\/www.rectoriaclariana.com\/es\/como-llegar\/\"]}]},{\"@type\":\"BreadcrumbList\",\"@id\":\"https:\/\/www.rectoriaclariana.com\/es\/como-llegar\/#breadcrumb\",\"itemListElement\":[{\"@type\":\"ListItem\",\"position\":1,\"name\":\"Inici\",\"item\":\"https:\/\/www.rectoriaclariana.com\/es\/\"},{\"@type\":\"ListItem\",\"position\":2,\"name\":\"C\u00f3mo llegar\"}]},{\"@type\":\"WebSite\",\"@id\":\"https:\/\/www.rectoriaclariana.com\/es\/#website\",\"url\":\"https:\/\/www.rectoriaclariana.com\/es\/\",\"name\":\"Rectoria Clariana\",\"description\":\"casa a Clariana, l&#039;Anoia\",\"potentialAction\":[{\"@type\":\"SearchAction\",\"target\":{\"@type\":\"EntryPoint\",\"urlTemplate\":\"https:\/\/www.rectoriaclariana.com\/es\/?s={search_term_string}\"},\"query-input\":{\"@type\":\"PropertyValueSpecification\",\"valueRequired\":true,\"valueName\":\"search_term_string\"}}],\"inLanguage\":\"es\"}]}<\/script>\n<!-- \/ Yoast SEO plugin. -->","yoast_head_json":{"title":"C\u00f3mo llegar - Rectoria Clariana","robots":{"index":"index","follow":"follow","max-snippet":"max-snippet:-1","max-image-preview":"max-image-preview:large","max-video-preview":"max-video-preview:-1"},"canonical":"https:\/\/www.rectoriaclariana.com\/es\/como-llegar\/","og_locale":"es_ES","og_type":"article","og_title":"C\u00f3mo llegar - Rectoria Clariana","og_description":"[et_pb_section bb_built=\u00bb1&#8243; fullwidth=\u00bbon\u00bb _builder_version=\u00bb3.8&#8243; next_background_color=\u00bb#000000&#8243;][et_pb_fullwidth_slider admin_label=\u00bbCap\u00e7alera\u00bb _builder_version=\u00bb3.8&#8243;][et_pb_slide heading=\u00bbcasa en Clariana, Anoia, Catalunya\u00bb use_bg_overlay=\u00bboff\u00bb use_text_overlay=\u00bbon\u00bb text_overlay_color=\u00bb#000000&#8243; admin_title=\u00bbFoto i text\u00bb _builder_version=\u00bb3.8&#8243; header_level=\u00bbh1&#8243; header_font_size=\u00bb21&#8243; header_font_size_tablet=\u00bb16&#8243; header_font_size_phone=\u00bb16&#8243; background_image=\u00bbhttps:\/\/www.rectoriaclariana.com\/wp-content\/uploads\/2018\/06\/capc\u0327alera-comarribar.jpg\u00bb button_on_hover=\u00bbon\u00bb button_link=\u00bb#\u00bb background_color=\u00bb#c1934f\u00bb use_background_color_gradient=\u00bboff\u00bb background_color_gradient_start=\u00bb#2b87da\u00bb background_color_gradient_end=\u00bb#29c4a9&#8243; background_color_gradient_type=\u00bblinear\u00bb background_color_gradient_direction=\u00bb180deg\u00bb background_color_gradient_direction_radial=\u00bbcenter\u00bb background_color_gradient_start_position=\u00bb0%\u00bb background_color_gradient_end_position=\u00bb100%\u00bb background_color_gradient_overlays_image=\u00bboff\u00bb parallax=\u00bboff\u00bb parallax_method=\u00bbon\u00bb background_size=\u00bbcover\u00bb background_position=\u00bbcenter\u00bb background_repeat=\u00bbno-repeat\u00bb background_blend=\u00bbnormal\u00bb allow_player_pause=\u00bboff\u00bb background_video_pause_outside_viewport=\u00bbon\u00bb text_border_radius=\u00bb3&#8243; alignment=\u00bbcenter\u00bb child_filter_hue_rotate=\u00bb0deg\u00bb child_filter_saturate=\u00bb100%\u00bb child_filter_brightness=\u00bb100%\u00bb child_filter_contrast=\u00bb100%\u00bb child_filter_invert=\u00bb0%\u00bb child_filter_sepia=\u00bb0%\u00bb child_filter_opacity=\u00bb100%\u00bb child_filter_blur=\u00bb0px\u00bb child_mix_blend_mode=\u00bbnormal\u00bb [&hellip;]","og_url":"https:\/\/www.rectoriaclariana.com\/es\/como-llegar\/","og_site_name":"Rectoria Clariana","article_modified_time":"2018-11-02T11:35:59+00:00","twitter_card":"summary_large_image","twitter_misc":{"Tiempo de lectura":"3 minutos"},"schema":{"@context":"https:\/\/schema.org","@graph":[{"@type":"WebPage","@id":"https:\/\/www.rectoriaclariana.com\/es\/como-llegar\/","url":"https:\/\/www.rectoriaclariana.com\/es\/como-llegar\/","name":"C\u00f3mo llegar - Rectoria Clariana","isPartOf":{"@id":"https:\/\/www.rectoriaclariana.com\/es\/#website"},"datePublished":"2018-06-30T07:44:56+00:00","dateModified":"2018-11-02T11:35:59+00:00","breadcrumb":{"@id":"https:\/\/www.rectoriaclariana.com\/es\/como-llegar\/#breadcrumb"},"inLanguage":"es","potentialAction":[{"@type":"ReadAction","target":["https:\/\/www.rectoriaclariana.com\/es\/como-llegar\/"]}]},{"@type":"BreadcrumbList","@id":"https:\/\/www.rectoriaclariana.com\/es\/como-llegar\/#breadcrumb","itemListElement":[{"@type":"ListItem","position":1,"name":"Inici","item":"https:\/\/www.rectoriaclariana.com\/es\/"},{"@type":"ListItem","position":2,"name":"C\u00f3mo llegar"}]},{"@type":"WebSite","@id":"https:\/\/www.rectoriaclariana.com\/es\/#website","url":"https:\/\/www.rectoriaclariana.com\/es\/","name":"Rectoria Clariana","description":"casa a Clariana, l&#039;Anoia","potentialAction":[{"@type":"SearchAction","target":{"@type":"EntryPoint","urlTemplate":"https:\/\/www.rectoriaclariana.com\/es\/?s={search_term_string}"},"query-input":{"@type":"PropertyValueSpecification","valueRequired":true,"valueName":"search_term_string"}}],"inLanguage":"es"}]}},"_links":{"self":[{"href":"https:\/\/www.rectoriaclariana.com\/es\/wp-json\/wp\/v2\/pages\/379","targetHints":{"allow":["GET"]}}],"collection":[{"href":"https:\/\/www.rectoriaclariana.com\/es\/wp-json\/wp\/v2\/pages"}],"about":[{"href":"https:\/\/www.rectoriaclariana.com\/es\/wp-json\/wp\/v2\/types\/page"}],"author":[{"embeddable":true,"href":"https:\/\/www.rectoriaclariana.com\/es\/wp-json\/wp\/v2\/users\/2"}],"replies":[{"embeddable":true,"href":"https:\/\/www.rectoriaclariana.com\/es\/wp-json\/wp\/v2\/comments?post=379"}],"version-history":[{"count":6,"href":"https:\/\/www.rectoriaclariana.com\/es\/wp-json\/wp\/v2\/pages\/379\/revisions"}],"predecessor-version":[{"id":637,"href":"https:\/\/www.rectoriaclariana.com\/es\/wp-json\/wp\/v2\/pages\/379\/revisions\/637"}],"wp:attachment":[{"href":"https:\/\/www.rectoriaclariana.com\/es\/wp-json\/wp\/v2\/media?parent=379"}],"curies":[{"name":"wp","href":"https:\/\/api.w.org\/{rel}","templated":true}]}}